{"id":2675,"date":"2021-07-20T09:41:33","date_gmt":"2021-07-20T09:41:33","guid":{"rendered":"https:\/\/monbip.fr\/?page_id=2675"},"modified":"2024-10-25T18:38:38","modified_gmt":"2024-10-25T16:38:38","slug":"zeitplan","status":"publish","type":"page","link":"https:\/\/monbip.fr\/de\/zeitplan\/","title":{"rendered":"Contact"},"content":{"rendered":"<div class=\"wpb-content-wrapper\"><p>[vc_row full_width=&#8221;stretch_row_content_no_spaces&#8221;][vc_column][vc_single_image image=&#8221;2665&#8243; img_size=&#8221;full&#8221; alignment=&#8221;center&#8221;][\/vc_column][\/vc_row][vc_row wrap_container=&#8221;yes&#8221; el_class=&#8221;m-t-md&#8221;][vc_column]<div class=\"porto-u-heading m-b-xxl\" data-hspacer=\"no_spacer\" data-halign=\"center\" style=\"text-align:center\"><div class=\"porto-u-main-heading\"><h2 style=\"margin-bottom: 5px;font-size:24px;letter-spacing:-0.025em;\">CONTACT INFO<\/h2><\/div><\/div>[\/vc_column][vc_column][vc_row_inner][vc_column_inner width=&#8221;1\/3&#8243;]<a class=\"porto-sicon-box-link\" href=\"tel:+33755539288\" target='_blank'><div class=\"porto-sicon-box text-color-body custom-info-1 style_1 top-icon\"><div class=\"porto-sicon-top\"><div id=\"porto-icon-53327404869e3641519031\" class=\"porto-just-icon-wrapper\" style=\"text-align:center;\"><div class=\"porto-icon none\" style=\"color:#0088cc;font-size:45px;display:inline-block;\"><i class=\"fas fa-mobile-alt\"><\/i><\/div><\/div><\/div><div class=\"porto-sicon-header\"><h3 class=\"porto-sicon-title\" style=\"font-weight:700;font-size:20px;line-height:22px;letter-spacing:-0.025em;\">Phone Number<\/h3><p style=\"font-size:14px;line-height:22px;letter-spacing:-0.025em;\">+33 755 539 288<\/p><\/div> <!-- header --><\/div><!-- porto-sicon-box --><\/a>[\/vc_column_inner][vc_column_inner width=&#8221;1\/3&#8243;]<a class=\"porto-sicon-box-link\" href=\"mailto:info@remote-control-house.com\" target='_blank'><div class=\"porto-sicon-box text-color-body custom-info-1 style_1 top-icon\"><div class=\"porto-sicon-top\"><div id=\"porto-icon-180708140769e3641519555\" class=\"porto-just-icon-wrapper\" style=\"text-align:center;\"><div class=\"porto-icon none\" style=\"color:#0088cc;font-size:45px;display:inline-block;\"><i class=\"far fa-envelope\"><\/i><\/div><\/div><\/div><div class=\"porto-sicon-header\"><h3 class=\"porto-sicon-title\" style=\"font-weight:700;font-size:20px;line-height:22px;letter-spacing:-0.025em;\">E-mail Address<\/h3><p style=\"font-size:14px;line-height:22px;letter-spacing:-0.025em;\">info@remote-control-house.com<\/p><\/div> <!-- header --><\/div><!-- porto-sicon-box --><\/a>[\/vc_column_inner][vc_column_inner width=&#8221;1\/3&#8243;]<div class=\"porto-sicon-box custom-info-1 style_1 top-icon\"><div class=\"porto-sicon-top\"><div id=\"porto-icon-134896134569e36415199c1\" class=\"porto-just-icon-wrapper\" style=\"text-align:center;\"><div class=\"porto-icon none\" style=\"color:#0088cc;font-size:45px;display:inline-block;\"><i class=\"far fa-calendar-alt\"><\/i><\/div><\/div><\/div><div class=\"porto-sicon-header\"><h3 class=\"porto-sicon-title\" style=\"font-weight:700;font-size:20px;line-height:22px;letter-spacing:-0.025em;\">Gesch\u00e4ftszeiten<\/h3><p style=\"font-size:14px;line-height:22px;letter-spacing:-0.025em;\">Montag bis Freitag 8:30 \u2013 19:00 Uhr \/ Samstag 9:00 \u2013 14:00 Uhr<\/p><\/div> <!-- header --><\/div><!-- porto-sicon-box -->[\/vc_column_inner][\/vc_row_inner][vc_separator color=&#8221;custom&#8221; accent_color=&#8221;#e7e7e7&#8243; el_class=&#8221;mt-5 m-b-xlg pb-2&#8243;][\/vc_column][\/vc_row][vc_row][vc_column width=&#8221;1\/3&#8243;][\/vc_column][vc_column width=&#8221;1\/3&#8243;][\/vc_column][vc_column width=&#8221;1\/3&#8243;][\/vc_column][\/vc_row][vc_row wrap_container=&#8221;yes&#8221; el_class=&#8221;m-b-xxl p-b-sm&#8221;][vc_column offset=&#8221;vc_col-lg-6 vc_col-md-6&#8243;][vc_custom_heading text=&#8221;Send Us a Message&#8221; font_container=&#8221;tag:h2|font_size:24px|text_align:left&#8221; use_theme_fonts=&#8221;yes&#8221; el_class=&#8221;ls-negative-1 mb-3&#8243;]\n<div class=\"wpcf7 no-js\" id=\"wpcf7-f74-o1\" lang=\"en-US\" dir=\"ltr\" data-wpcf7-id=\"74\">\n<div class=\"screen-reader-response\"><p role=\"status\" aria-live=\"polite\" aria-atomic=\"true\"><\/p> <ul><\/ul><\/div>\n<form action=\"\/de\/wp-json\/wp\/v2\/pages\/2675#wpcf7-f74-o1\" method=\"post\" class=\"wpcf7-form init\" aria-label=\"Contact form\" novalidate=\"novalidate\" data-status=\"init\">\n<fieldset class=\"hidden-fields-container\"><input type=\"hidden\" name=\"_wpcf7\" value=\"74\" \/><input type=\"hidden\" name=\"_wpcf7_version\" value=\"6.1.5\" \/><input type=\"hidden\" name=\"_wpcf7_locale\" value=\"en_US\" \/><input type=\"hidden\" name=\"_wpcf7_unit_tag\" value=\"wpcf7-f74-o1\" \/><input type=\"hidden\" name=\"_wpcf7_container_post\" value=\"0\" \/><input type=\"hidden\" name=\"_wpcf7_posted_data_hash\" value=\"\" \/><input type=\"hidden\" name=\"_wpcf7_recaptcha_response\" value=\"\" \/>\n<\/fieldset>\n<div class=\"row\">\n\t<div class=\"col-lg-12\">\n\t\t<div class=\"form-group\">\n\t\t\t<p><label for=\"contact-name\" class=\"custom-font-family font-weight-medium\">Your Name <span class=\"text-secondary\">*<\/span><\/label><br \/>\n<span class=\"wpcf7-form-control-wrap\" data-name=\"your-name\"><input size=\"40\" maxlength=\"400\" class=\"wpcf7-form-control wpcf7-text wpcf7-validates-as-required form-control line-height-lg\" id=\"contact-name\" aria-required=\"true\" aria-invalid=\"false\" value=\"\" type=\"text\" name=\"your-name\" \/><\/span>\n\t\t\t<\/p>\n\t\t<\/div>\n\t<\/div>\n\t<div class=\"col-lg-12\">\n\t\t<div class=\"form-group\">\n\t\t\t<p><label for=\"contact-email\" class=\"custom-font-family font-weight-medium\">Your E-mail <span class=\"text-secondary\">*<\/span><\/label><br \/>\n<span class=\"wpcf7-form-control-wrap\" data-name=\"your-email\"><input size=\"40\" maxlength=\"400\" class=\"wpcf7-form-control wpcf7-email wpcf7-validates-as-required wpcf7-text wpcf7-validates-as-email form-control line-height-lg\" id=\"contact-email\" aria-required=\"true\" aria-invalid=\"false\" value=\"\" type=\"email\" name=\"your-email\" \/><\/span>\n\t\t\t<\/p>\n\t\t<\/div>\n\t<\/div>\n\t<div class=\"col-lg-12\">\n\t\t<div class=\"form-group\">\n\t\t\t<p><label for=\"contact-message\" class=\"custom-font-family font-weight-medium\">Your Message<\/label><br \/>\n<span class=\"wpcf7-form-control-wrap\" data-name=\"your-message\"><textarea cols=\"40\" rows=\"7\" maxlength=\"2000\" class=\"wpcf7-form-control wpcf7-textarea form-control\" id=\"contact-message\" aria-invalid=\"false\" name=\"your-message\"><\/textarea><\/span>\n\t\t\t<\/p>\n\t\t<\/div>\n\t<\/div>\n\t<p><span class=\"wpcf7-form-control-wrap\" data-name=\"acceptance-948\"><span class=\"wpcf7-form-control wpcf7-acceptance optional\"><span class=\"wpcf7-list-item\"><label><input type=\"checkbox\" name=\"acceptance-948\" value=\"1\" aria-invalid=\"false\" \/><span class=\"wpcf7-list-item-label\">I accept the <a href=\"https:\/\/monbip.fr\/terms-and-conditions\/\" target=\"_blank\">general conditions<\/a> of the web<\/span><\/label><\/span><\/span><\/span>\n\t<\/p>\n\t<div class=\"col-lg-12\">\n\t\t<div class=\"form-group\">\n\t\t\t<p><input class=\"wpcf7-form-control wpcf7-submit has-spinner btn btn-dark btn-lg px-5 p-t-md p-b-md\" type=\"submit\" value=\"SEND MESSAGE\" \/>\n\t\t\t<\/p>\n\t\t<\/div>\n\t<\/div>\n<\/div><input type='hidden' class='wpcf7-pum' value='{\"closepopup\":false,\"closedelay\":0,\"openpopup\":false,\"openpopup_id\":0}' \/><div class=\"wpcf7-response-output\" aria-hidden=\"true\"><\/div>\n<\/form>\n<\/div>\n[\/vc_column][vc_column offset=&#8221;vc_col-lg-6 vc_col-md-6&#8243; el_class=&#8221;mt-5 mt-lg-0&#8243;][vc_custom_heading text=&#8221;Frequently Asked Questions&#8221; font_container=&#8221;tag:h2|font_size:24px|text_align:left&#8221; use_theme_fonts=&#8221;yes&#8221; el_class=&#8221;ls-negative-1 mb-2&#8243;]<div class=\"porto-faqs porto-faqs22a1d975a3bdf11f581fa79c92112c8e wpb_content_element  custom-faq-1\">\n\t<div class=\"page-faqs clearfix \">\n\n\t\t\n\t\t<div class=\"faq-row\">\n\t\t\t\r\n<div class=\"faq post-2682 type-faq status-publish hentry\">\r\n\t<section class=\"toggle\">\r\n\t\t<label>Wie kann ich meine Bestellung verfolgen?<\/label>\r\n\t\t<div class=\"toggle-content\">\r\n\t\t<h3 class=\"entry-title\" style=\"display: none;\">Wie kann ich meine Bestellung verfolgen?<\/h3><span class=\"vcard\" style=\"display: none;\"><span class=\"fn\"><a href=\"https:\/\/monbip.fr\/de\/author\/xcom\/\" title=\"Beitr\u00e4ge von xcom\" rel=\"author\">xcom<\/a><\/span><\/span><span class=\"updated\" style=\"display:none\">2021-07-20T09:50:49+02:00<\/span>Sie k\u00f6nnen Ihre Bestellung unter folgendem Link verfolgen\t\t<\/div>\r\n\t<\/section>\r\n<\/div>\r\n\r\n<div class=\"faq post-2681 type-faq status-publish hentry\">\r\n\t<section class=\"toggle\">\r\n\t\t<label>Wie lange dauert es, bis ich mein Paket erhalte?<\/label>\r\n\t\t<div class=\"toggle-content\">\r\n\t\t<h3 class=\"entry-title\" style=\"display: none;\">Wie lange dauert es, bis ich mein Paket erhalte?<\/h3><span class=\"vcard\" style=\"display: none;\"><span class=\"fn\"><a href=\"https:\/\/monbip.fr\/de\/author\/xcom\/\" title=\"Beitr\u00e4ge von xcom\" rel=\"author\">xcom<\/a><\/span><\/span><span class=\"updated\" style=\"display:none\">2021-07-20T09:49:25+02:00<\/span>24H oder 48H f\u00fcr kleine Pakete und 72H oder 96H f\u00fcr gro\u00dfe Pakete.\t\t<\/div>\r\n\t<\/section>\r\n<\/div>\r\n\r\n<div class=\"faq post-2680 type-faq status-publish hentry\">\r\n\t<section class=\"toggle\">\r\n\t\t<label>Brauche ich ein Konto, um zu bestellen?<\/label>\r\n\t\t<div class=\"toggle-content\">\r\n\t\t<h3 class=\"entry-title\" style=\"display: none;\">Brauche ich ein Konto, um zu bestellen?<\/h3><span class=\"vcard\" style=\"display: none;\"><span class=\"fn\"><a href=\"https:\/\/monbip.fr\/de\/author\/xcom\/\" title=\"Beitr\u00e4ge von xcom\" rel=\"author\">xcom<\/a><\/span><\/span><span class=\"updated\" style=\"display:none\">2021-07-20T09:45:50+02:00<\/span><pre id=\"tw-target-text\" class=\"tw-data-text tw-text-large XcVN5d tw-ta\" dir=\"ltr\" data-placeholder=\"Traducci\u00f3n\"><span class=\"Y2IQFc\" lang=\"de\">Nein, du brauchst kein Konto<\/span><\/pre>\t\t<\/div>\r\n\t<\/section>\r\n<\/div>\r\n\r\n<div class=\"faq post-2679 type-faq status-publish hentry\">\r\n\t<section class=\"toggle\">\r\n\t\t<label>Wie kontaktiere ich, wenn ich Fragen habe?<\/label>\r\n\t\t<div class=\"toggle-content\">\r\n\t\t<h3 class=\"entry-title\" style=\"display: none;\">Wie kontaktiere ich, wenn ich Fragen habe?<\/h3><span class=\"vcard\" style=\"display: none;\"><span class=\"fn\"><a href=\"https:\/\/monbip.fr\/de\/author\/xcom\/\" title=\"Beitr\u00e4ge von xcom\" rel=\"author\">xcom<\/a><\/span><\/span><span class=\"updated\" style=\"display:none\">2021-07-20T09:47:43+02:00<\/span>Sie erreichen den Kundenservice per E-Mail <a href=\"mailto:info@handsender-haus.de\" target=\"_blank\" rel=\"noopener\">info@handsender-haus.de<\/a>\t\t<\/div>\r\n\t<\/section>\r\n<\/div>\r\n\r\n<div class=\"faq post-2551 type-faq status-publish hentry\">\r\n\t<section class=\"toggle\">\r\n\t\t<label>Quelles sont les m\u00e9thodes d\u2019exp\u00e9dition disponibles?<\/label>\r\n\t\t<div class=\"toggle-content\">\r\n\t\t<h3 class=\"entry-title\" style=\"display: none;\">Quelles sont les m\u00e9thodes d\u2019exp\u00e9dition disponibles?<\/h3><span class=\"vcard\" style=\"display: none;\"><span class=\"fn\"><a href=\"https:\/\/monbip.fr\/de\/author\/xcom\/\" title=\"Beitr\u00e4ge von xcom\" rel=\"author\">xcom<\/a><\/span><\/span><span class=\"updated\" style=\"display:none\">2021-07-13T11:11:38+02:00<\/span>24\/48H pour les produits &lt;5 kg 72\/96H pour les produits &gt;5 kg\t\t<\/div>\r\n\t<\/section>\r\n<\/div>\r\n\t\t<\/div>\n\n\t\t\n\t<\/div>\n\n\t\n\t<\/div>[\/vc_column][\/vc_row]<\/p>\n<\/div>","protected":false},"excerpt":{"rendered":"<p>[vc_row full_width=&#8221;stretch_row_content_no_spaces&#8221;][vc_column][vc_single_image image=&#8221;2665&#8243; img_size=&#8221;full&#8221; alignment=&#8221;center&#8221;][\/vc_column][\/vc_row][vc_row wrap_container=&#8221;yes&#8221; el_class=&#8221;m-t-md&#8221;][vc_column][\/vc_column][vc_column][vc_row_inner][vc_column_inner width=&#8221;1\/3&#8243;][\/vc_column_inner][vc_column_inner width=&#8221;1\/3&#8243;][\/vc_column_inner][vc_column_inner width=&#8221;1\/3&#8243;][\/vc_column_inner][\/vc_row_inner][vc_separator color=&#8221;custom&#8221; accent_color=&#8221;#e7e7e7&#8243; el_class=&#8221;mt-5 m-b-xlg pb-2&#8243;][\/vc_column][\/vc_row][vc_row][vc_column width=&#8221;1\/3&#8243;][\/vc_column][vc_column width=&#8221;1\/3&#8243;][\/vc_column][vc_column width=&#8221;1\/3&#8243;][\/vc_column][\/vc_row][vc_row wrap_container=&#8221;yes&#8221; el_class=&#8221;m-b-xxl p-b-sm&#8221;][vc_column offset=&#8221;vc_col-lg-6 vc_col-md-6&#8243;][vc_custom_heading text=&#8221;Send Us a Message&#8221; font_container=&#8221;tag:h2|font_size:24px|text_align:left&#8221; use_theme_fonts=&#8221;yes&#8221; el_class=&#8221;ls-negative-1 mb-3&#8243;][\/vc_column][vc_column offset=&#8221;vc_col-lg-6 vc_col-md-6&#8243; el_class=&#8221;mt-5 mt-lg-0&#8243;][vc_custom_heading text=&#8221;Frequently Asked Questions&#8221; font_container=&#8221;tag:h2|font_size:24px|text_align:left&#8221; use_theme_fonts=&#8221;yes&#8221; el_class=&#8221;ls-negative-1 mb-2&#8243;][\/vc_column][\/vc_row]<\/p>\n","protected":false},"author":1,"featured_media":0,"parent":0,"menu_order":0,"comment_status":"closed","ping_status":"closed","template":"","meta":{"footnotes":""},"class_list":["post-2675","page","type-page","status-publish","hentry"],"_links":{"self":[{"href":"https:\/\/monbip.fr\/de\/wp-json\/wp\/v2\/pages\/2675","targetHints":{"allow":["GET"]}}],"collection":[{"href":"https:\/\/monbip.fr\/de\/wp-json\/wp\/v2\/pages"}],"about":[{"href":"https:\/\/monbip.fr\/de\/wp-json\/wp\/v2\/types\/page"}],"author":[{"embeddable":true,"href":"https:\/\/monbip.fr\/de\/wp-json\/wp\/v2\/users\/1"}],"replies":[{"embeddable":true,"href":"https:\/\/monbip.fr\/de\/wp-json\/wp\/v2\/comments?post=2675"}],"version-history":[{"count":10,"href":"https:\/\/monbip.fr\/de\/wp-json\/wp\/v2\/pages\/2675\/revisions"}],"predecessor-version":[{"id":9947,"href":"https:\/\/monbip.fr\/de\/wp-json\/wp\/v2\/pages\/2675\/revisions\/9947"}],"wp:attachment":[{"href":"https:\/\/monbip.fr\/de\/wp-json\/wp\/v2\/media?parent=2675"}],"curies":[{"name":"wp","href":"https:\/\/api.w.org\/{rel}","templated":true}]}}