{"id":2690,"date":"2021-07-20T10:04:00","date_gmt":"2021-07-20T10:04:00","guid":{"rendered":"https:\/\/monbip.fr\/?page_id=2690"},"modified":"2021-07-20T10:14:05","modified_gmt":"2021-07-20T10:14:05","slug":"wer-sind-wir","status":"publish","type":"page","link":"https:\/\/monbip.fr\/de\/wer-sind-wir\/","title":{"rendered":"Wer sind wir"},"content":{"rendered":"<div class=\"wpb-content-wrapper\"><p>[vc_row wrap_container=&#8221;yes&#8221; css=&#8221;.vc_custom_1519804692056{padding-top: 30px !important;padding-bottom: 30px !important;}&#8221;][vc_column]<div class=\"porto-u-heading\" data-hspacer=\"no_spacer\" data-halign=\"left\" style=\"text-align:left\"><div class=\"porto-u-main-heading\"><h2 style=\"font-weight:700;color:#21293c;font-size:19px;\">\u00dcber uns<\/h2><\/div><\/div>[vc_column_text]<strong>MonBip<\/strong> ist ein Mehrmarken-Vertriebs- und Installationsunternehmen f\u00fcr automatische T\u00fcren, Tore und Fenster.<\/p>\n<p>Unser Ziel ist es, unseren Kunden die Automatisierung durch den Online-Verkauf zu einem guten Preis zug\u00e4nglich zu machen.<\/p>\n<p>Wir sind ein Mehrmarken-Distributor und Installateur, wir arbeiten mit allen gro\u00dfen europ\u00e4ischen Herstellern zusammen.<\/p>\n<p>Unsere Produkte werden in Europa und in einigen L\u00e4ndern au\u00dferhalb Europas verkauft.<\/p>\n<p>Ein spezialisiertes Team k\u00fcmmert sich um alle Ihre Bed\u00fcrfnisse, um Ihnen eine optimale und pers\u00f6nliche Betreuung zu bieten.[\/vc_column_text][\/vc_column][\/vc_row][vc_row][vc_column][vc_empty_space][vc_column_text]<\/p>\n<h2 style=\"text-align: center;\"><strong>MONBIP.<\/strong> Automatisiere dein Leben<\/h2>\n<p>[\/vc_column_text][\/vc_column][\/vc_row][vc_row wrap_container=&#8221;yes&#8221; css=&#8221;.vc_custom_1626166791080{margin-bottom: 50px !important;}&#8221;][vc_column][vc_images_carousel images=&#8221;2372,2375,2378,2381,2384,2387,2390,2393,2396,2399,2402,2405,2408,2411,2414,2417,2420,2423,2426,2429,2432,2435,2438,2441,2444,2447,2450,2453,2456,2459,2462,2465,2468,2471,2474,2477,2480,2483,2486,2489,2492,2495,2498,2501,2504,2507,2200&#8243; img_size=&#8221;full&#8221; speed=&#8221;2000&#8243; slides_per_view=&#8221;4&#8243; autoplay=&#8221;yes&#8221; wrap=&#8221;yes&#8221;][\/vc_column][\/vc_row][vc_row][vc_column][vc_empty_space][\/vc_column][\/vc_row]<\/p>\n<\/div>","protected":false},"excerpt":{"rendered":"<p>[vc_row wrap_container=&#8221;yes&#8221; css=&#8221;.vc_custom_1519804692056{padding-top: 30px !important;padding-bottom: 30px !important;}&#8221;][vc_column][vc_column_text]MonBip ist ein Mehrmarken-Vertriebs- und Installationsunternehmen f\u00fcr automatische T\u00fcren, Tore und Fenster. Unser Ziel ist es, unseren Kunden die Automatisierung durch den Online-Verkauf zu einem guten Preis zug\u00e4nglich zu machen. Wir sind ein Mehrmarken-Distributor und Installateur, wir arbeiten mit allen gro\u00dfen europ\u00e4ischen Herstellern zusammen. Unsere Produkte werden in Europa [&hellip;]<\/p>\n","protected":false},"author":1,"featured_media":0,"parent":0,"menu_order":0,"comment_status":"closed","ping_status":"closed","template":"","meta":{"footnotes":""},"class_list":["post-2690","page","type-page","status-publish","hentry"],"_links":{"self":[{"href":"https:\/\/monbip.fr\/de\/wp-json\/wp\/v2\/pages\/2690","targetHints":{"allow":["GET"]}}],"collection":[{"href":"https:\/\/monbip.fr\/de\/wp-json\/wp\/v2\/pages"}],"about":[{"href":"https:\/\/monbip.fr\/de\/wp-json\/wp\/v2\/types\/page"}],"author":[{"embeddable":true,"href":"https:\/\/monbip.fr\/de\/wp-json\/wp\/v2\/users\/1"}],"replies":[{"embeddable":true,"href":"https:\/\/monbip.fr\/de\/wp-json\/wp\/v2\/comments?post=2690"}],"version-history":[{"count":4,"href":"https:\/\/monbip.fr\/de\/wp-json\/wp\/v2\/pages\/2690\/revisions"}],"predecessor-version":[{"id":2698,"href":"https:\/\/monbip.fr\/de\/wp-json\/wp\/v2\/pages\/2690\/revisions\/2698"}],"wp:attachment":[{"href":"https:\/\/monbip.fr\/de\/wp-json\/wp\/v2\/media?parent=2690"}],"curies":[{"name":"wp","href":"https:\/\/api.w.org\/{rel}","templated":true}]}}