{"id":2790,"date":"2021-07-20T11:57:14","date_gmt":"2021-07-20T11:57:14","guid":{"rendered":"https:\/\/monbip.fr\/?page_id=2790"},"modified":"2021-07-20T11:59:30","modified_gmt":"2021-07-20T11:59:30","slug":"impressum","status":"publish","type":"page","link":"https:\/\/monbip.fr\/de\/impressum\/","title":{"rendered":"Impressum"},"content":{"rendered":"<div class=\"wpb-content-wrapper\"><p>[vc_row][vc_column][vc_column_text]<strong>1. Eigent\u00fcmer der Website<\/strong><\/p>\n<p>AUTOMATISMOS GATES SPAIN SL, C.I.F. ESB88429626, mit Sitz in Calle de pr\u00edncipe de Vergara 109, 2\u00aa planta, 28002 Madrid (Madrid), Spanien, ist der Eigent\u00fcmer dieser Website.<\/p>\n<p>Alle Inhalte dieser Website sind ausschlie\u00dfliches Eigentum von Monbip, mit Ausnahme von Bildern, T\u00f6nen und Infografiken, die unter Lizenz verwendet werden, alle Rechte vorbehalten. Jegliche vollst\u00e4ndige oder teilweise Reproduktion ist untersagt. Jede Nutzung dieser Website, die den Standards des geistigen und gewerblichen Eigentums widerspricht, wird gem\u00e4\u00df den geltenden Gesetzen verfolgt.<\/p>\n<p>F\u00fcr allgemeine Beratung zu den Produkten und Dienstleistungen von Monbip k\u00f6nnen Sie sich von Montag bis Freitag von 9 bis 18 Uhr an unseren Kundenservice (Telefon +33 (0) 755539288) oder per E-Mail unter der folgenden Adresse wenden: info@handsender-haus.de<br \/>\n<strong><br \/>\n2. Erstellen Sie ein Konto<\/strong><\/p>\n<p>Um auf bestimmte Dienste zugreifen (und nutzen) zu k\u00f6nnen, m\u00fcssen Sie sich als Neukunde durch Eingabe eines Benutzernamens und eines Passworts registrieren. Sie m\u00fcssen zustimmen, diese angemessen zu verwenden und nicht offenzulegen. Dies verhindert eine falsche Verwendung dieser Daten.<\/p>\n<p>Werden diese Bedingungen nicht erf\u00fcllt, kann Monbip jederzeit und ohne Vorank\u00fcndigung die Nutzung seiner Website verweigern oder sperren.<\/p>\n<p><strong>3. Geistiges und gewerbliches Eigentum<\/strong><\/p>\n<p>Alle auf dieser Site enthaltenen Informationen (einschlie\u00dflich Datenbanken, Grafiken, Logos, Marken, Bilder, Audio-, Video-, HTML- und Javascript-Codes) sind ausschlie\u00dfliches Eigentum von Monbip. Der Benutzer, der dieses Portal und seine Dienste nutzt, hat keinen Anspruch auf diese Informationen. Jegliche Vervielf\u00e4ltigung oder Vervielf\u00e4ltigung in den Medien ist verboten, es sei denn, der rechtm\u00e4\u00dfige Eigent\u00fcmer hat dies genehmigt.<\/p>\n<p>Der Benutzer dieser Website darf die Dienste nicht reproduzieren, kopieren, verteilen oder \u00f6ffentlich zug\u00e4nglich machen (durch jegliche \u00f6ffentliche Kommunikation), noch die Dienste umwandeln oder \u00e4ndern, es sei denn, es wurde von Monbip genehmigt; Er darf keine Informationen l\u00f6schen, entziehen oder manipulieren und kein Unterscheidungsmerkmal der Rechte von Monbip oder seiner Inhaber an diesen Diensten, keine technischen Schutzvorrichtungen und keine \u00fcber die Monbip-Site erhaltenen Informationen f\u00fcr irgendeinen Zweck verwenden. Werbebotschaften an viele Personen senden und unter keinen Umst\u00e4nden diese Informationen vermarkten oder offenlegen, Bilder, Aufzeichnungen, Software und im Allgemeinen jede Art von Material erhalten, das \u00fcber diese Website zug\u00e4nglich ist und auf andere Weise nur durch die den Benutzern zur Verf\u00fcgung gestellten Mittel erlangt wird Monbip.<\/p>\n<p><strong>4.- Links<\/strong><\/p>\n<p>Jede Person, sowohl physisch als auch juristisch, die in ihre Webseite Links zu der Site oder den URLs von Monbip oder einer ihrer Seiten aufnehmen m\u00f6chte, muss die folgenden Bedingungen erf\u00fcllen:<\/p>\n<p>Es ist untersagt, Kommentare zu den Webseiten von Monbip abzugeben oder falsche, ungenaue oder falsche Informationen zu geben. Der Link erm\u00f6glicht nur den Zugriff auf die Webseiten und die Dienste von Monbip, kann diese jedoch in keiner Weise reproduzieren.<br \/>\nEs ist verboten zu erkl\u00e4ren oder zu implizieren, dass Monbip den Link autorisiert oder die Inhalte oder Dienste \u00fcberwacht oder \u00fcbernommen hat, die auf der Webseite, auf der sich der Link befindet, angeboten und zur Verf\u00fcgung gestellt werden.<br \/>\nDie Webseite, die den Link enth\u00e4lt, enth\u00e4lt keine Marken, Handelsnamen, Akronyme, Logos, Slogans, Fotos oder angebotenen Dienste, die Monbip geh\u00f6ren, es sei denn, diese Zeichen erscheinen in den URLs.<br \/>\nDie Webseite, auf der der Link erscheint, enth\u00e4lt keine Informationen oder Inhalte, die rechtswidrig sind oder die Rechte Dritter verletzen.<br \/>\nDie Einrichtung dieses Links impliziert in keiner Weise das Bestehen von Beziehungen zwischen Monbip und dem Eigent\u00fcmer der Website, auf der er erscheint, und impliziert keine Annahme oder Zustimmung durch Monbip seiner Inhalte oder der \u00f6ffentlich angebotenen Dienste.<\/p>\n<p><strong>5.- Anwendbares Recht und zust\u00e4ndige Gerichtsbarkeit<\/strong><\/p>\n<p>Durch den Zugriff auf diese Website erkennen Sie an, dass die darin enthaltenen Daten rechtlich gesch\u00fctzt sind und gem\u00e4\u00df den Bestimmungen des geltenden Rechts in Spanien die Gerichte von Madrid (Hauptstadt von Spanien) im Streitfall ausschlie\u00dflich zust\u00e4ndig sind.<\/p>\n<p><strong>6.- Datenschutzrecht<\/strong><\/p>\n<p>Die Nutzer dieser Website werden datenschutzrechtlich darauf hingewiesen, dass sie durch selbst gesendete Third-Party-Cookies erfasst werden. Alle Daten, die von diesen Personen an ihre Server gesendet werden, sowie ihre Nutzung dieser Site werden aufgezeichnet. Diese Daten bleiben anonym, solange die Personen, die die Website nutzen, dies in diesem Format tun. Diese Daten werden vom Unternehmen regelm\u00e4\u00dfig analysiert, um sicherzustellen, dass die Benutzer diese Website korrekt nutzen und die Rechte von Einzelpersonen und Unternehmen nicht gef\u00e4hrdet sind.[\/vc_column_text][\/vc_column][\/vc_row][vc_row][vc_column][vc_column_text]<\/p>\n<h3>Leave a comment<\/h3>\n<p>[\/vc_column_text]\n<div class=\"wpcf7 no-js\" id=\"wpcf7-f74-o1\" lang=\"en-US\" dir=\"ltr\" data-wpcf7-id=\"74\">\n<div class=\"screen-reader-response\"><p role=\"status\" aria-live=\"polite\" aria-atomic=\"true\"><\/p> <ul><\/ul><\/div>\n<form action=\"\/de\/wp-json\/wp\/v2\/pages\/2790#wpcf7-f74-o1\" method=\"post\" class=\"wpcf7-form init\" aria-label=\"Contact form\" novalidate=\"novalidate\" data-status=\"init\">\n<fieldset class=\"hidden-fields-container\"><input type=\"hidden\" name=\"_wpcf7\" value=\"74\" \/><input type=\"hidden\" name=\"_wpcf7_version\" value=\"6.1.5\" \/><input type=\"hidden\" name=\"_wpcf7_locale\" value=\"en_US\" \/><input type=\"hidden\" name=\"_wpcf7_unit_tag\" value=\"wpcf7-f74-o1\" \/><input type=\"hidden\" name=\"_wpcf7_container_post\" value=\"0\" \/><input type=\"hidden\" name=\"_wpcf7_posted_data_hash\" value=\"\" \/><input type=\"hidden\" name=\"_wpcf7_recaptcha_response\" value=\"\" \/>\n<\/fieldset>\n<div class=\"row\">\n\t<div class=\"col-lg-12\">\n\t\t<div class=\"form-group\">\n\t\t\t<p><label for=\"contact-name\" class=\"custom-font-family font-weight-medium\">Your Name <span class=\"text-secondary\">*<\/span><\/label><br \/>\n<span class=\"wpcf7-form-control-wrap\" data-name=\"your-name\"><input size=\"40\" maxlength=\"400\" class=\"wpcf7-form-control wpcf7-text wpcf7-validates-as-required form-control line-height-lg\" id=\"contact-name\" aria-required=\"true\" aria-invalid=\"false\" value=\"\" type=\"text\" name=\"your-name\" \/><\/span>\n\t\t\t<\/p>\n\t\t<\/div>\n\t<\/div>\n\t<div class=\"col-lg-12\">\n\t\t<div class=\"form-group\">\n\t\t\t<p><label for=\"contact-email\" class=\"custom-font-family font-weight-medium\">Your E-mail <span class=\"text-secondary\">*<\/span><\/label><br \/>\n<span class=\"wpcf7-form-control-wrap\" data-name=\"your-email\"><input size=\"40\" maxlength=\"400\" class=\"wpcf7-form-control wpcf7-email wpcf7-validates-as-required wpcf7-text wpcf7-validates-as-email form-control line-height-lg\" id=\"contact-email\" aria-required=\"true\" aria-invalid=\"false\" value=\"\" type=\"email\" name=\"your-email\" \/><\/span>\n\t\t\t<\/p>\n\t\t<\/div>\n\t<\/div>\n\t<div class=\"col-lg-12\">\n\t\t<div class=\"form-group\">\n\t\t\t<p><label for=\"contact-message\" class=\"custom-font-family font-weight-medium\">Your Message<\/label><br \/>\n<span class=\"wpcf7-form-control-wrap\" data-name=\"your-message\"><textarea cols=\"40\" rows=\"7\" maxlength=\"2000\" class=\"wpcf7-form-control wpcf7-textarea form-control\" id=\"contact-message\" aria-invalid=\"false\" name=\"your-message\"><\/textarea><\/span>\n\t\t\t<\/p>\n\t\t<\/div>\n\t<\/div>\n\t<p><span class=\"wpcf7-form-control-wrap\" data-name=\"acceptance-948\"><span class=\"wpcf7-form-control wpcf7-acceptance optional\"><span class=\"wpcf7-list-item\"><label><input type=\"checkbox\" name=\"acceptance-948\" value=\"1\" aria-invalid=\"false\" \/><span class=\"wpcf7-list-item-label\">I accept the <a href=\"https:\/\/monbip.fr\/terms-and-conditions\/\" target=\"_blank\">general conditions<\/a> of the web<\/span><\/label><\/span><\/span><\/span>\n\t<\/p>\n\t<div class=\"col-lg-12\">\n\t\t<div class=\"form-group\">\n\t\t\t<p><input class=\"wpcf7-form-control wpcf7-submit has-spinner btn btn-dark btn-lg px-5 p-t-md p-b-md\" type=\"submit\" value=\"SEND MESSAGE\" \/>\n\t\t\t<\/p>\n\t\t<\/div>\n\t<\/div>\n<\/div><input type='hidden' class='wpcf7-pum' value='{\"closepopup\":false,\"closedelay\":0,\"openpopup\":false,\"openpopup_id\":0}' \/><div class=\"wpcf7-response-output\" aria-hidden=\"true\"><\/div>\n<\/form>\n<\/div>\n[\/vc_column][\/vc_row]<\/p>\n<\/div>","protected":false},"excerpt":{"rendered":"<p>[vc_row][vc_column][vc_column_text]1. Eigent\u00fcmer der Website AUTOMATISMOS GATES SPAIN SL, C.I.F. ESB88429626, mit Sitz in Calle de pr\u00edncipe de Vergara 109, 2\u00aa planta, 28002 Madrid (Madrid), Spanien, ist der Eigent\u00fcmer dieser Website. Alle Inhalte dieser Website sind ausschlie\u00dfliches Eigentum von Monbip, mit Ausnahme von Bildern, T\u00f6nen und Infografiken, die unter Lizenz verwendet werden, alle Rechte vorbehalten. Jegliche [&hellip;]<\/p>\n","protected":false},"author":1,"featured_media":0,"parent":0,"menu_order":0,"comment_status":"closed","ping_status":"closed","template":"","meta":{"footnotes":""},"class_list":["post-2790","page","type-page","status-publish","hentry"],"_links":{"self":[{"href":"https:\/\/monbip.fr\/de\/wp-json\/wp\/v2\/pages\/2790","targetHints":{"allow":["GET"]}}],"collection":[{"href":"https:\/\/monbip.fr\/de\/wp-json\/wp\/v2\/pages"}],"about":[{"href":"https:\/\/monbip.fr\/de\/wp-json\/wp\/v2\/types\/page"}],"author":[{"embeddable":true,"href":"https:\/\/monbip.fr\/de\/wp-json\/wp\/v2\/users\/1"}],"replies":[{"embeddable":true,"href":"https:\/\/monbip.fr\/de\/wp-json\/wp\/v2\/comments?post=2790"}],"version-history":[{"count":4,"href":"https:\/\/monbip.fr\/de\/wp-json\/wp\/v2\/pages\/2790\/revisions"}],"predecessor-version":[{"id":2794,"href":"https:\/\/monbip.fr\/de\/wp-json\/wp\/v2\/pages\/2790\/revisions\/2794"}],"wp:attachment":[{"href":"https:\/\/monbip.fr\/de\/wp-json\/wp\/v2\/media?parent=2790"}],"curies":[{"name":"wp","href":"https:\/\/api.w.org\/{rel}","templated":true}]}}