{"id":10021,"date":"2024-11-03T00:58:34","date_gmt":"2024-11-02T22:58:34","guid":{"rendered":"https:\/\/monbip.fr\/?post_type=product&#038;p=10021"},"modified":"2024-11-03T00:58:34","modified_gmt":"2024-11-02T22:58:34","slug":"gibidi-be24","status":"publish","type":"product","link":"https:\/\/monbip.fr\/de\/produkt\/schaltschraenke-de\/gibidi-be24\/","title":{"rendered":"GIBIDI BE24"},"content":{"rendered":"<p>GIBIDI BE24<\/p>\n<p>Alimentation: 230 Vac monophas\u00e9 50\/60 Hz<br \/>\nN\u00b0 moteurs: 2<br \/>\nAlimentation moteur: 24 Vdc<br \/>\nClignoteur: 24 Vdc 10W max<br \/>\nR\u00e9cepteur radio: Integr\u00e9, 200 \u00e9metteurs maxi<br \/>\nTemp\u00e9rature de service: -20\u00b0C +60\u00b0C<br \/>\nTemps de travail: ENCODER OU TEMPS<br \/>\nAlimentation accessoires: 24 Vdc 10W max<br \/>\nR\u00e9f. BE24 \/ AS05870<\/p>\n","protected":false},"excerpt":{"rendered":"<p>Centrale GIBIDI BE24 avec radio r\u00e9cepteur incorpor\u00e9 pour KUDA &#8211; AGO424E &#8211; AGO624E &#8211; SNAPPER &#8211; SERRA320.<\/p>\n<p>Platine \u00e9lectronique GIBIDI BE24 pour l\u2019automation d\u2019un portail battant avec double porte et moteurs en 24Vdc<\/p>\n<p>R\u00e9f. BE24 \/ AS06250<\/p>\n<h1 class=\"h1\"><\/h1>\n","protected":false},"featured_media":10022,"template":"","meta":[],"product_brand":[],"product_cat":[200],"product_tag":[],"class_list":{"0":"post-10021","1":"product","2":"type-product","3":"status-publish","4":"has-post-thumbnail","6":"product_cat-armoires-de-commande","8":"first","9":"instock","10":"sale","11":"taxable","12":"shipping-taxable","13":"purchasable","14":"product-type-simple"},"_links":{"self":[{"href":"https:\/\/monbip.fr\/de\/wp-json\/wp\/v2\/product\/10021","targetHints":{"allow":["GET"]}}],"collection":[{"href":"https:\/\/monbip.fr\/de\/wp-json\/wp\/v2\/product"}],"about":[{"href":"https:\/\/monbip.fr\/de\/wp-json\/wp\/v2\/types\/product"}],"wp:featuredmedia":[{"embeddable":true,"href":"https:\/\/monbip.fr\/de\/wp-json\/wp\/v2\/media\/10022"}],"wp:attachment":[{"href":"https:\/\/monbip.fr\/de\/wp-json\/wp\/v2\/media?parent=10021"}],"wp:term":[{"taxonomy":"product_brand","embeddable":true,"href":"https:\/\/monbip.fr\/de\/wp-json\/wp\/v2\/product_brand?post=10021"},{"taxonomy":"product_cat","embeddable":true,"href":"https:\/\/monbip.fr\/de\/wp-json\/wp\/v2\/product_cat?post=10021"},{"taxonomy":"product_tag","embeddable":true,"href":"https:\/\/monbip.fr\/de\/wp-json\/wp\/v2\/product_tag?post=10021"}],"curies":[{"name":"wp","href":"https:\/\/api.w.org\/{rel}","templated":true}]}}