{"id":10033,"date":"2024-11-03T02:00:34","date_gmt":"2024-11-03T00:00:34","guid":{"rendered":"https:\/\/monbip.fr\/?post_type=product&#038;p=10033"},"modified":"2024-11-03T02:00:34","modified_gmt":"2024-11-03T00:00:34","slug":"gibidi-vinci","status":"publish","type":"product","link":"https:\/\/monbip.fr\/de\/produkt\/garagen-und-torfernbedienungen\/gibidi-vinci\/","title":{"rendered":"GIBIDI VINCI"},"content":{"rendered":"<p>GIBIDI VINCI t\u00e9l\u00e9commande\u00a0de poche \u00e0 deux canaux. Sa petite taille avec de grandes touches le rend facile \u00e0 utiliser mais discret en m\u00eame temps.<\/p>\n","protected":false},"excerpt":{"rendered":"<p>T\u00e9l\u00e9commande GIBIDI VINCI est enti\u00e8rement compatible avec les mod\u00e8les MAKO, GIOTTO et DOMINO.<\/p>\n","protected":false},"featured_media":10034,"template":"","meta":[],"product_brand":[],"product_cat":[199],"product_tag":[],"class_list":{"0":"post-10033","1":"product","2":"type-product","3":"status-publish","4":"has-post-thumbnail","6":"product_cat-telecommandes-garage-et-portail","8":"first","9":"instock","10":"sale","11":"taxable","12":"shipping-taxable","13":"purchasable","14":"product-type-simple"},"_links":{"self":[{"href":"https:\/\/monbip.fr\/de\/wp-json\/wp\/v2\/product\/10033","targetHints":{"allow":["GET"]}}],"collection":[{"href":"https:\/\/monbip.fr\/de\/wp-json\/wp\/v2\/product"}],"about":[{"href":"https:\/\/monbip.fr\/de\/wp-json\/wp\/v2\/types\/product"}],"wp:featuredmedia":[{"embeddable":true,"href":"https:\/\/monbip.fr\/de\/wp-json\/wp\/v2\/media\/10034"}],"wp:attachment":[{"href":"https:\/\/monbip.fr\/de\/wp-json\/wp\/v2\/media?parent=10033"}],"wp:term":[{"taxonomy":"product_brand","embeddable":true,"href":"https:\/\/monbip.fr\/de\/wp-json\/wp\/v2\/product_brand?post=10033"},{"taxonomy":"product_cat","embeddable":true,"href":"https:\/\/monbip.fr\/de\/wp-json\/wp\/v2\/product_cat?post=10033"},{"taxonomy":"product_tag","embeddable":true,"href":"https:\/\/monbip.fr\/de\/wp-json\/wp\/v2\/product_tag?post=10033"}],"curies":[{"name":"wp","href":"https:\/\/api.w.org\/{rel}","templated":true}]}}