{"id":10036,"date":"2024-11-03T02:10:46","date_gmt":"2024-11-03T00:10:46","guid":{"rendered":"https:\/\/monbip.fr\/?post_type=product&#038;p=10036"},"modified":"2024-11-03T02:10:46","modified_gmt":"2024-11-03T00:10:46","slug":"gibidi-sl544","status":"publish","type":"product","link":"https:\/\/monbip.fr\/de\/produkt\/motorisierungen\/motorisierung-von-garagentoren-de\/gibidi-sl544\/","title":{"rendered":"GIBIDI SL544"},"content":{"rendered":"<p>GIBIDI SL544 <strong>FACILE A INSTALLER<\/strong><br \/>\nGr\u00e2ce \u00e0 la technolgie encodeur, au nouveau display graphique qui vous conduit pas \u00e0 pas et \u00e0 l\u2019auto-apprentissage. Possibilit\u00e9 de r\u00e9glages sur l\u2019axe horizontal et vertical.<\/p>\n<p><strong>SILENCIEUX E ROBUSTE<\/strong><br \/>\nGr\u00e2ce aux engrenages en acier et bronze-aluminium qui garantissent fiabilit\u00e9 dans le temps.<\/p>\n<p><strong>RAPIDE ET SUR<\/strong><br \/>\nMouvement rapide jusqu\u2019\u00e0 22cm\/sec et technologie 24 Vdc, le plus haut niveau de s\u00e9curit\u00e9, comme pr\u00e9vu par la norme EN 12453.<\/p>\n<p><strong>TECHNOLOGIQUE<\/strong><br \/>\nPlatine de gestion SE24 incorpor\u00e9e avec fonction d\u2019apprentissage automatique des param\u00e8tres du portail. RTC (Real time clock) avec batterie pour g\u00e9rer timer et logs \u00e9v\u00e9nements.<\/p>\n","protected":false},"excerpt":{"rendered":"<p>Moto r\u00e9ducteur \u00e9lectrom\u00e9canique GIBIDI SL544 irr\u00e9versible pour portails coulissants de petites et moyennes dimensions (jusqu\u2019\u00e0 500 Kg). Pour utilisation r\u00e9sidentielle.<\/p>\n","protected":false},"featured_media":10037,"template":"","meta":[],"product_brand":[],"product_cat":[203],"product_tag":[],"class_list":{"0":"post-10036","1":"product","2":"type-product","3":"status-publish","4":"has-post-thumbnail","6":"product_cat-motorisation-porte-de-garage","8":"first","9":"instock","10":"sale","11":"taxable","12":"shipping-taxable","13":"purchasable","14":"product-type-simple"},"_links":{"self":[{"href":"https:\/\/monbip.fr\/de\/wp-json\/wp\/v2\/product\/10036","targetHints":{"allow":["GET"]}}],"collection":[{"href":"https:\/\/monbip.fr\/de\/wp-json\/wp\/v2\/product"}],"about":[{"href":"https:\/\/monbip.fr\/de\/wp-json\/wp\/v2\/types\/product"}],"wp:featuredmedia":[{"embeddable":true,"href":"https:\/\/monbip.fr\/de\/wp-json\/wp\/v2\/media\/10037"}],"wp:attachment":[{"href":"https:\/\/monbip.fr\/de\/wp-json\/wp\/v2\/media?parent=10036"}],"wp:term":[{"taxonomy":"product_brand","embeddable":true,"href":"https:\/\/monbip.fr\/de\/wp-json\/wp\/v2\/product_brand?post=10036"},{"taxonomy":"product_cat","embeddable":true,"href":"https:\/\/monbip.fr\/de\/wp-json\/wp\/v2\/product_cat?post=10036"},{"taxonomy":"product_tag","embeddable":true,"href":"https:\/\/monbip.fr\/de\/wp-json\/wp\/v2\/product_tag?post=10036"}],"curies":[{"name":"wp","href":"https:\/\/api.w.org\/{rel}","templated":true}]}}