{"id":10051,"date":"2024-11-03T02:56:31","date_gmt":"2024-11-03T00:56:31","guid":{"rendered":"https:\/\/monbip.fr\/?post_type=product&#038;p=10051"},"modified":"2024-11-03T02:56:31","modified_gmt":"2024-11-03T00:56:31","slug":"gibidi-autobox3024-vdc","status":"publish","type":"product","link":"https:\/\/monbip.fr\/de\/produkt\/motorisierungen\/gibidi-autobox3024-vdc\/","title":{"rendered":"GIBIDI AUTOBOX3024 VDC"},"content":{"rendered":"<p><strong>GIBIDI AUTOBOX3024 Vdc FACIL A INSTALLER<\/strong><br \/>\nGr\u00e2ce au kit d\u2019assemblage sur la porte, complet de tous les accessoires. Le moteur et les fins de course int\u00e9gr\u00e9s sont pr\u00e9assembl\u00e9s.<\/p>\n<p><strong>SILENCIEUX ET RAPIDE<\/strong><br \/>\nAUTOBOX est construit avec engrenages compl\u00e8tement en acier trait\u00e9 et bronze-aluminium, assembl\u00e9 et test\u00e9 en toutes ses fonctions. Dans la version en 24Vdc, la vitesse est r\u00e9glable avec fonction de soft stop.<\/p>\n<p><strong>TECHNOLOGIQUE ET SUR<\/strong><br \/>\nSeulement mat\u00e9riaux d\u2019haute qualit\u00e9, traitements sp\u00e9ciaux aux engrenages et moteurs test\u00e9s pour durer dans le temps. Lampe t\u00e9moin et syst\u00e8me anti-\u00e9crasement int\u00e9gr\u00e9 (version en 24Vdc). En plus c\u2019est possible connecter les dispositifs de s\u00e9curit\u00e9, comme pr\u00e9vu par la norme EN12453.<\/p>\n","protected":false},"excerpt":{"rendered":"<p>Op\u00e9rateur \u00e9lectrom\u00e9canique GIBIDI AUTOBOX3024\u00a0 24Vdc pour portes non d\u00e9bordantes \u00e0 contrepoids de petites et moyennes dimensions, pour une utilisation r\u00e9sidentielle et de copropri\u00e9t\u00e9.<\/p>\n","protected":false},"featured_media":10052,"template":"","meta":[],"product_brand":[],"product_cat":[202],"product_tag":[],"class_list":{"0":"post-10051","1":"product","2":"type-product","3":"status-publish","4":"has-post-thumbnail","6":"product_cat-motorisations","8":"first","9":"instock","10":"sale","11":"taxable","12":"shipping-taxable","13":"purchasable","14":"product-type-simple"},"_links":{"self":[{"href":"https:\/\/monbip.fr\/de\/wp-json\/wp\/v2\/product\/10051","targetHints":{"allow":["GET"]}}],"collection":[{"href":"https:\/\/monbip.fr\/de\/wp-json\/wp\/v2\/product"}],"about":[{"href":"https:\/\/monbip.fr\/de\/wp-json\/wp\/v2\/types\/product"}],"wp:featuredmedia":[{"embeddable":true,"href":"https:\/\/monbip.fr\/de\/wp-json\/wp\/v2\/media\/10052"}],"wp:attachment":[{"href":"https:\/\/monbip.fr\/de\/wp-json\/wp\/v2\/media?parent=10051"}],"wp:term":[{"taxonomy":"product_brand","embeddable":true,"href":"https:\/\/monbip.fr\/de\/wp-json\/wp\/v2\/product_brand?post=10051"},{"taxonomy":"product_cat","embeddable":true,"href":"https:\/\/monbip.fr\/de\/wp-json\/wp\/v2\/product_cat?post=10051"},{"taxonomy":"product_tag","embeddable":true,"href":"https:\/\/monbip.fr\/de\/wp-json\/wp\/v2\/product_tag?post=10051"}],"curies":[{"name":"wp","href":"https:\/\/api.w.org\/{rel}","templated":true}]}}