{"id":10244,"date":"2025-03-27T21:22:42","date_gmt":"2025-03-27T19:22:42","guid":{"rendered":"https:\/\/monbip.fr\/?post_type=product&#038;p=10244"},"modified":"2025-03-27T21:22:42","modified_gmt":"2025-03-27T19:22:42","slug":"vds-euro-m1-230","status":"publish","type":"product","link":"https:\/\/monbip.fr\/de\/produkt\/schaltschraenke-de\/vds-euro-m1-230\/","title":{"rendered":"VDS Euro M1 230"},"content":{"rendered":"<p>Unit\u00e9 de commande universelle VDS Euro M1 230 pour moteurs de portails coulissants ou basculants.<br \/>\nR\u00e9cepteur radio int\u00e9gr\u00e9 avec fr\u00e9quence 433,92 MHz, pour t\u00e9l\u00e9commandes \u00e0 code tournant ou \u00e0 code fixe s\u00e9lectionnable.<br \/>\nPlaque de remplacement pour moteurs coulissants VDS Simply 230V, Carrera 800 230v, VDS Future AG, AT PLUS 2500K.<\/p>\n","protected":false},"excerpt":{"rendered":"<p>Carte \u00e9lectronique VDS EURO 230 M1 pour moteurs coulissants, portails basculants \u00e0 contrepoids, barri\u00e8res.<\/p>\n","protected":false},"featured_media":10245,"template":"","meta":[],"product_brand":[],"product_cat":[200],"product_tag":[],"class_list":{"0":"post-10244","1":"product","2":"type-product","3":"status-publish","4":"has-post-thumbnail","6":"product_cat-armoires-de-commande","8":"first","9":"instock","10":"sale","11":"taxable","12":"shipping-taxable","13":"purchasable","14":"product-type-simple"},"_links":{"self":[{"href":"https:\/\/monbip.fr\/de\/wp-json\/wp\/v2\/product\/10244","targetHints":{"allow":["GET"]}}],"collection":[{"href":"https:\/\/monbip.fr\/de\/wp-json\/wp\/v2\/product"}],"about":[{"href":"https:\/\/monbip.fr\/de\/wp-json\/wp\/v2\/types\/product"}],"wp:featuredmedia":[{"embeddable":true,"href":"https:\/\/monbip.fr\/de\/wp-json\/wp\/v2\/media\/10245"}],"wp:attachment":[{"href":"https:\/\/monbip.fr\/de\/wp-json\/wp\/v2\/media?parent=10244"}],"wp:term":[{"taxonomy":"product_brand","embeddable":true,"href":"https:\/\/monbip.fr\/de\/wp-json\/wp\/v2\/product_brand?post=10244"},{"taxonomy":"product_cat","embeddable":true,"href":"https:\/\/monbip.fr\/de\/wp-json\/wp\/v2\/product_cat?post=10244"},{"taxonomy":"product_tag","embeddable":true,"href":"https:\/\/monbip.fr\/de\/wp-json\/wp\/v2\/product_tag?post=10244"}],"curies":[{"name":"wp","href":"https:\/\/api.w.org\/{rel}","templated":true}]}}