{"id":10319,"date":"2025-04-29T20:54:13","date_gmt":"2025-04-29T18:54:13","guid":{"rendered":"https:\/\/monbip.fr\/?post_type=product&#038;p=10319"},"modified":"2025-04-29T20:54:14","modified_gmt":"2025-04-29T18:54:14","slug":"kit-clavier-cardin-dks1000t","status":"publish","type":"product","link":"https:\/\/monbip.fr\/de\/produkt\/zubehoer-de\/kit-clavier-cardin-dks1000t\/","title":{"rendered":"KIT CLAVIER CARDIN DKS1000T"},"content":{"rendered":"<p>KIT CLAVIER CARDIN DKS1000T<\/p>\n<p>CARACT\u00c9RISTIQUES TECHNIQUES :<\/p>\n<p>TRANSMISSION : C\u00c2BLE NUM\u00c9RIQUE<br \/>\nINSTALLATION EN SURFACE : IP57<br \/>\nCODES UTILISATEUR M\u00c9MORISABLES : 1000<br \/>\nCOMBINAISONS DE CODES DISPONIBLES\u00a0: 1\u00a0MILLION<br \/>\nFONCTIONS G\u00c9RABLES S\u00c9PAR\u00c9MENT : 4<br \/>\nGESTION DE 3 P\u00c9RIPH\u00c9RIQUES (CLAVIER\/LECTEUR) PROGRAMMATION DU R\u00c9TRO\u00c9CLAIRAGE<\/p>\n","protected":false},"excerpt":{"rendered":"<p>CLAVIER R\u00c9TRO\u00c9CLAIR\u00c9 \u00a0CARDIN DKS1000T + interface<\/p>\n","protected":false},"featured_media":10320,"template":"","meta":[],"product_brand":[],"product_cat":[205],"product_tag":[],"class_list":{"0":"post-10319","1":"product","2":"type-product","3":"status-publish","4":"has-post-thumbnail","6":"product_cat-accessoires","8":"first","9":"instock","10":"sale","11":"taxable","12":"shipping-taxable","13":"purchasable","14":"product-type-simple"},"_links":{"self":[{"href":"https:\/\/monbip.fr\/de\/wp-json\/wp\/v2\/product\/10319","targetHints":{"allow":["GET"]}}],"collection":[{"href":"https:\/\/monbip.fr\/de\/wp-json\/wp\/v2\/product"}],"about":[{"href":"https:\/\/monbip.fr\/de\/wp-json\/wp\/v2\/types\/product"}],"wp:featuredmedia":[{"embeddable":true,"href":"https:\/\/monbip.fr\/de\/wp-json\/wp\/v2\/media\/10320"}],"wp:attachment":[{"href":"https:\/\/monbip.fr\/de\/wp-json\/wp\/v2\/media?parent=10319"}],"wp:term":[{"taxonomy":"product_brand","embeddable":true,"href":"https:\/\/monbip.fr\/de\/wp-json\/wp\/v2\/product_brand?post=10319"},{"taxonomy":"product_cat","embeddable":true,"href":"https:\/\/monbip.fr\/de\/wp-json\/wp\/v2\/product_cat?post=10319"},{"taxonomy":"product_tag","embeddable":true,"href":"https:\/\/monbip.fr\/de\/wp-json\/wp\/v2\/product_tag?post=10319"}],"curies":[{"name":"wp","href":"https:\/\/api.w.org\/{rel}","templated":true}]}}