{"id":10432,"date":"2025-07-01T18:02:19","date_gmt":"2025-07-01T16:02:19","guid":{"rendered":"https:\/\/monbip.fr\/?post_type=product&#038;p=10432"},"modified":"2025-07-01T18:05:13","modified_gmt":"2025-07-01T16:05:13","slug":"faac-624-bld","status":"publish","type":"product","link":"https:\/\/monbip.fr\/de\/produkt\/schaltschraenke-de\/faac-624-bld\/","title":{"rendered":"FAAC 624 BLD"},"content":{"rendered":"<p>&nbsp;<\/p>\n<p>FAAC 624 BLD<\/p>\n<p>Tension d\u2019alimentation secteur: 220-240V~ 50\/60 Hz<\/p>\n<p>Puissance max.: 7 W<\/p>\n<p>Puissance max. moteur: 300 W<\/p>\n<p>Charge max. accessoires: 500 mA<\/p>\n<p>Tension d\u2019alimentation accessoires: 24V<\/p>\n<p>Programmation: 3 touches (+, -, F) et \u00e9cran<\/p>\n<p>Logiques de fonctionnement: Automatique, Automatique 1, Semi-automatique, Parking, Parking-Automatique,\u00a0 FAAC-CITY, Homme pr\u00e9sent, \u00c0 distance, Personnalisable<\/p>\n<p>Fonctions programmables: Logique, Temps de pause, Force, Boucles 1 et 2, Couple de d\u00e9marrage, Pr\u00e9-clignotement, Fermeture lente, Temps de d\u00e9c\u00e9l\u00e9ration, Temps de travail, Sortie t\u00e9moin, Sortie \u00e0 s\u00e9curit\u00e9 int\u00e9gr\u00e9e, Sortie d\u2019\u00e9tat, Sortie BUS, Demande d\u2019assistance<\/p>\n<p>Temps de travail: Programmable (0 \u00e0 4 min)<\/p>\n<p>Temps de pause: Programmable (0 \u00e0 4 min)<\/p>\n<p>R\u00e9glage de la force du moteur: Programmable en 50 niveaux<\/p>\n<p>Entr\u00e9es sur bornier: Boucle 1, Boucle 2, Open, Close, S\u00e9curit\u00e9s en fermeture, Stop, Urgence, Alim. 230V~ +Terre<\/p>\n<p>Sorties sur bornier:\u00a0Lampe clignotante, Ventilateur, Moteur, Alimentation 24V , Fail-Safe, Sortie d\u2019\u00e9tat, T\u00e9moin 24V , BUS, 4 sorties programmables en 18 fonctions diff\u00e9rentes<\/p>\n<p>Connecteur rapide: Connecteur carte 5 broches MINIDEC, DECODER, R\u00e9cepteur RP\/RP2, Fin de course d\u2019ouverture et de fermeture, Condensateur moteur, Capteur d\u00e9sengagement barri\u00e8re<\/p>\n<p>D\u00e9tecteur int\u00e9gr\u00e9 2 canaux ind\u00e9pendants: Auto-\u00e9talonnage en temps r\u00e9el, Sensibilit\u00e9 ind\u00e9pendante de la g\u00e9om\u00e9trie des spirales, R\u00e9glage de la fr\u00e9quence de travail des spirales, Message de spirale occup\u00e9e avec afficheur LED, \u00c9tat des spirales pouvant \u00eatre transmis aux sorties programmables, Temps de r\u00e9glage r\u00e9glable sur deux niveaux.<\/p>\n<p>Fusibles de protection: F1=F 5A-250V~ F2=T 0,8A-250V~<\/p>\n<p>Temp\u00e9rature ambiante de fonctionnement: -20\u00b0C +55\u00b0C<\/p>\n","protected":false},"excerpt":{"rendered":"<p>FAAC 624 BLD R\u00e9f. 2022715<\/p>\n<p>Utilisable avec tous les mod\u00e8les de barri\u00e8re FAAC 620, 640, 642 INOX.<\/p>\n","protected":false},"featured_media":10433,"template":"","meta":[],"product_brand":[],"product_cat":[200],"product_tag":[],"class_list":{"0":"post-10432","1":"product","2":"type-product","3":"status-publish","4":"has-post-thumbnail","6":"product_cat-armoires-de-commande","8":"first","9":"instock","10":"sale","11":"taxable","12":"shipping-taxable","13":"purchasable","14":"product-type-simple"},"_links":{"self":[{"href":"https:\/\/monbip.fr\/de\/wp-json\/wp\/v2\/product\/10432","targetHints":{"allow":["GET"]}}],"collection":[{"href":"https:\/\/monbip.fr\/de\/wp-json\/wp\/v2\/product"}],"about":[{"href":"https:\/\/monbip.fr\/de\/wp-json\/wp\/v2\/types\/product"}],"wp:featuredmedia":[{"embeddable":true,"href":"https:\/\/monbip.fr\/de\/wp-json\/wp\/v2\/media\/10433"}],"wp:attachment":[{"href":"https:\/\/monbip.fr\/de\/wp-json\/wp\/v2\/media?parent=10432"}],"wp:term":[{"taxonomy":"product_brand","embeddable":true,"href":"https:\/\/monbip.fr\/de\/wp-json\/wp\/v2\/product_brand?post=10432"},{"taxonomy":"product_cat","embeddable":true,"href":"https:\/\/monbip.fr\/de\/wp-json\/wp\/v2\/product_cat?post=10432"},{"taxonomy":"product_tag","embeddable":true,"href":"https:\/\/monbip.fr\/de\/wp-json\/wp\/v2\/product_tag?post=10432"}],"curies":[{"name":"wp","href":"https:\/\/api.w.org\/{rel}","templated":true}]}}