{"id":10450,"date":"2025-07-04T17:59:38","date_gmt":"2025-07-04T15:59:38","guid":{"rendered":"https:\/\/monbip.fr\/kit-moteur-v2-stark6-24v\/"},"modified":"2025-07-04T18:00:51","modified_gmt":"2025-07-04T16:00:51","slug":"kit-moteur-v2-stark6-24v","status":"publish","type":"product","link":"https:\/\/monbip.fr\/de\/produkt\/tor-oder-garagenmotor-kit-de\/kit-moteur-v2-stark6-24v\/","title":{"rendered":"Kit moteur V2 STARK6 24V"},"content":{"rendered":"<div>Le Kit moteur V2 STARK6 24V contient:<\/div>\n<div>\n<ul>\n<li>2 v\u00e9rins STARK6-24V<\/li>\n<li>1 armoire de commande CITY2+<\/li>\n<li>2 t\u00e9l\u00e9commandes PHOX2<\/li>\n<li>1 r\u00e9cepteur MR2<\/li>\n<li>1 paire de photocellules SENSIVA-XS<\/li>\n<li>1 lampe LUMOS-M<\/li>\n<\/ul>\n<\/div>\n","protected":false},"excerpt":{"rendered":"<p>Kit moteur \u00e9lectrom\u00e9canique irr\u00e9versible V2 STARK6 24 V, pour portails battants jusqu&#8217;\u00e0 6 m de long. Con\u00e7u pour motoriser les portails r\u00e9sidentiels ou de petites collectivit\u00e9s \u00e0 usage semi-intensif.<\/p>\n","protected":false},"featured_media":10447,"template":"","meta":[],"product_brand":[],"product_cat":[220],"product_tag":[],"class_list":{"0":"post-10450","1":"product","2":"type-product","3":"status-publish","4":"has-post-thumbnail","6":"product_cat-tor-oder-garagenmotor-kit-de","8":"first","9":"instock","10":"sale","11":"taxable","12":"shipping-taxable","13":"purchasable","14":"product-type-simple"},"_links":{"self":[{"href":"https:\/\/monbip.fr\/de\/wp-json\/wp\/v2\/product\/10450","targetHints":{"allow":["GET"]}}],"collection":[{"href":"https:\/\/monbip.fr\/de\/wp-json\/wp\/v2\/product"}],"about":[{"href":"https:\/\/monbip.fr\/de\/wp-json\/wp\/v2\/types\/product"}],"wp:featuredmedia":[{"embeddable":true,"href":"https:\/\/monbip.fr\/de\/wp-json\/wp\/v2\/media\/10447"}],"wp:attachment":[{"href":"https:\/\/monbip.fr\/de\/wp-json\/wp\/v2\/media?parent=10450"}],"wp:term":[{"taxonomy":"product_brand","embeddable":true,"href":"https:\/\/monbip.fr\/de\/wp-json\/wp\/v2\/product_brand?post=10450"},{"taxonomy":"product_cat","embeddable":true,"href":"https:\/\/monbip.fr\/de\/wp-json\/wp\/v2\/product_cat?post=10450"},{"taxonomy":"product_tag","embeddable":true,"href":"https:\/\/monbip.fr\/de\/wp-json\/wp\/v2\/product_tag?post=10450"}],"curies":[{"name":"wp","href":"https:\/\/api.w.org\/{rel}","templated":true}]}}