{"id":10479,"date":"2025-07-15T19:55:49","date_gmt":"2025-07-15T17:55:49","guid":{"rendered":"https:\/\/monbip.fr\/?post_type=product&#038;p=10479"},"modified":"2025-07-15T19:55:50","modified_gmt":"2025-07-15T17:55:50","slug":"aprimatic-onda-400","status":"publish","type":"product","link":"https:\/\/monbip.fr\/de\/produkt\/motorisierungen\/motorisierung-von-garagentoren-de\/aprimatic-onda-400\/","title":{"rendered":"APRIMATIC ONDA 400"},"content":{"rendered":"<p>Moto r\u00e9ducteur 230V APRIMATIC ONDA 400 pour maisons individuelles jusqu&#8217;\u00e0 400 kg. Construit sur un monobloc robuste en aluminium moul\u00e9 sous pression, trait\u00e9 au four avec une r\u00e9sine \u00e9poxy sp\u00e9ciale pour une utilisation en ext\u00e9rieur. Il est \u00e9quip\u00e9 d&#8217;un encodeur pr\u00e9cis qui offre un contr\u00f4le maximal de la vitesse, de la force et de la position de la porte. Il comprend un panneau de commande facile \u00e0 d\u00e9marrer avec auto-apprentissage des param\u00e8tres de fonctionnement de base. La transmission est compos\u00e9e de vis sans fin en acier et d&#8217;une couronne en bronze, garantissant un mouvement de porte fluide, silencieux et extr\u00eamement fiable.<\/p>\n<p>\u2022 Contr\u00f4le du moteur par encodeur optique.<br \/>\n\u2022 Auto-apprentissage des param\u00e8tres de fonctionnement.<br \/>\n\u2022 Op\u00e9rateur silencieux gr\u00e2ce \u00e0 son r\u00e9ducteur en acier et bronze.<br \/>\n\u2022 D\u00e9verrouillage par levier \u00e0 cl\u00e9.<\/p>\n<p>ALIMENTATION\u00a0: 230\u00a0V\u00a0A \/ 50\u00a0Hz<br \/>\nPUISSANCE\u00a0: 210\u00a0W<br \/>\nFORCE DE POUSS\u00c9E\u00a0: 250\u00a0N<br \/>\nFACTEUR DE SERVICE\u00a0: 50\u00a0%<br \/>\nPROTECTION THERMIQUE\u00a0: 150\u00a0\u00b0C<br \/>\nPLAGE THERMIQUE\u00a0: -20\u00a0\u00b0C \/ +55\u00a0\u00b0C<br \/>\nPROTECTION\u00a0: IP\u00a043<br \/>\nLAME\u00a0: 400<br \/>\nVITESSE DE LA LAME\u00a0: 9,5\u00a0m\/min<br \/>\nPOIDS MAXIMUM\u00a0: 400<br \/>\nLAME\u00a0: 400\u00a0kg<br \/>\nDIMENSIONS\u00a0: 250\u00a0x\u00a0165\u00a0x\u00a0290\u00a0mm<br \/>\nPANNEAU DE COMMANDE\u00a0: 400T240E<\/p>\n","protected":false},"excerpt":{"rendered":"<p>Moto r\u00e9ducteur 230V APRIMATIC ONDA 400 pour maisons individuelles jusqu&#8217;\u00e0 400 kg.<\/p>\n","protected":false},"featured_media":10480,"template":"","meta":[],"product_brand":[],"product_cat":[203],"product_tag":[],"class_list":{"0":"post-10479","1":"product","2":"type-product","3":"status-publish","4":"has-post-thumbnail","6":"product_cat-motorisation-porte-de-garage","8":"first","9":"instock","10":"sale","11":"taxable","12":"shipping-taxable","13":"purchasable","14":"product-type-simple"},"_links":{"self":[{"href":"https:\/\/monbip.fr\/de\/wp-json\/wp\/v2\/product\/10479","targetHints":{"allow":["GET"]}}],"collection":[{"href":"https:\/\/monbip.fr\/de\/wp-json\/wp\/v2\/product"}],"about":[{"href":"https:\/\/monbip.fr\/de\/wp-json\/wp\/v2\/types\/product"}],"wp:featuredmedia":[{"embeddable":true,"href":"https:\/\/monbip.fr\/de\/wp-json\/wp\/v2\/media\/10480"}],"wp:attachment":[{"href":"https:\/\/monbip.fr\/de\/wp-json\/wp\/v2\/media?parent=10479"}],"wp:term":[{"taxonomy":"product_brand","embeddable":true,"href":"https:\/\/monbip.fr\/de\/wp-json\/wp\/v2\/product_brand?post=10479"},{"taxonomy":"product_cat","embeddable":true,"href":"https:\/\/monbip.fr\/de\/wp-json\/wp\/v2\/product_cat?post=10479"},{"taxonomy":"product_tag","embeddable":true,"href":"https:\/\/monbip.fr\/de\/wp-json\/wp\/v2\/product_tag?post=10479"}],"curies":[{"name":"wp","href":"https:\/\/api.w.org\/{rel}","templated":true}]}}