{"id":10589,"date":"2025-08-19T11:44:08","date_gmt":"2025-08-19T09:44:08","guid":{"rendered":"https:\/\/monbip.fr\/?post_type=product&#038;p=10589"},"modified":"2025-08-19T11:44:08","modified_gmt":"2025-08-19T09:44:08","slug":"hormann-lineamatic","status":"publish","type":"product","link":"https:\/\/monbip.fr\/de\/produkt\/motorisierungen\/hormann-lineamatic\/","title":{"rendered":"H\u00f6rmann LineaMatic"},"content":{"rendered":"<p>H\u00f6rmann LineaMatic, \u00e9quip\u00e9 de la norme radio BiSecur 868 MHz (868-BS), est adapt\u00e9 \u00e0 l&#8217;ouverture et \u00e0 la fermeture automatiques des portails coulissants \u00e0 guidage au sol, autoportants ou de cour. La nouvelle g\u00e9n\u00e9ration d&#8217;op\u00e9rateurs LineaMatic est \u00e9quip\u00e9e d&#8217;un r\u00e9cepteur bidirectionnel (avec r\u00e9troaction) qui transmet la position actuelle du portail coulissant \u00e0 un module de base H\u00f6rmann Homee Brain, ainsi que d&#8217;une programmation par menus offrant de nombreuses possibilit\u00e9s de r\u00e9glage.<\/p>\n","protected":false},"excerpt":{"rendered":"<p>H\u00f6rmann LineaMatic disponible \u00e0 partir de f\u00e9vrier 2025 avec r\u00e9cepteur int\u00e9gr\u00e9<br \/>\npour portails coulissants jusqu\u2019\u00e0 6000 mm de large et 300 kg de poids, comprend une centrale de commande, une t\u00e9l\u00e9commande et un module radio BiSecur 868 MHz.<\/p>\n","protected":false},"featured_media":10585,"template":"","meta":[],"product_brand":[],"product_cat":[202],"product_tag":[],"class_list":{"0":"post-10589","1":"product","2":"type-product","3":"status-publish","4":"has-post-thumbnail","6":"product_cat-motorisations","8":"first","9":"instock","10":"sale","11":"taxable","12":"shipping-taxable","13":"purchasable","14":"product-type-simple"},"_links":{"self":[{"href":"https:\/\/monbip.fr\/de\/wp-json\/wp\/v2\/product\/10589","targetHints":{"allow":["GET"]}}],"collection":[{"href":"https:\/\/monbip.fr\/de\/wp-json\/wp\/v2\/product"}],"about":[{"href":"https:\/\/monbip.fr\/de\/wp-json\/wp\/v2\/types\/product"}],"wp:featuredmedia":[{"embeddable":true,"href":"https:\/\/monbip.fr\/de\/wp-json\/wp\/v2\/media\/10585"}],"wp:attachment":[{"href":"https:\/\/monbip.fr\/de\/wp-json\/wp\/v2\/media?parent=10589"}],"wp:term":[{"taxonomy":"product_brand","embeddable":true,"href":"https:\/\/monbip.fr\/de\/wp-json\/wp\/v2\/product_brand?post=10589"},{"taxonomy":"product_cat","embeddable":true,"href":"https:\/\/monbip.fr\/de\/wp-json\/wp\/v2\/product_cat?post=10589"},{"taxonomy":"product_tag","embeddable":true,"href":"https:\/\/monbip.fr\/de\/wp-json\/wp\/v2\/product_tag?post=10589"}],"curies":[{"name":"wp","href":"https:\/\/api.w.org\/{rel}","templated":true}]}}