{"id":10590,"date":"2025-08-19T11:56:40","date_gmt":"2025-08-19T09:56:40","guid":{"rendered":"https:\/\/monbip.fr\/?post_type=product&#038;p=10590"},"modified":"2025-08-19T11:56:41","modified_gmt":"2025-08-19T09:56:41","slug":"hormann-lineamatic-p","status":"publish","type":"product","link":"https:\/\/monbip.fr\/de\/produkt\/motorisierungen\/hormann-lineamatic-p\/","title":{"rendered":"H\u00f6rmann LineaMatic P"},"content":{"rendered":"<p>L&#8217;automatisme de portail coulissant H\u00f6rmann LineaMatic P, \u00e9quip\u00e9 de la norme radio BiSecur 868 MHz (868-BS), ouvre et ferme m\u00eame les portails de cour et les portails coulissants de grandes dimensions, \u00e0 guidage automatique ou au sol. Le \u00ab\u00a0P\u00a0\u00bb de son nom signifie \u00ab\u00a0Power\u00a0\u00bb, et gr\u00e2ce \u00e0 cette puissance, il peut actionner sans effort la plupart des portails coulissants non commerciaux.<\/p>\n","protected":false},"excerpt":{"rendered":"<p>H\u00f6rmann LineaMatic P disponible \u00e0 partir de f\u00e9vrier 2025 avec r\u00e9cepteur int\u00e9gr\u00e9<br \/>\npour portails coulissants jusqu\u2019\u00e0 8000 mm de large et 500 kg de poids, comprend une centrale de commande, une t\u00e9l\u00e9commande et un module radio BiSecur 868 MHz.<\/p>\n","protected":false},"featured_media":10585,"template":"","meta":[],"product_brand":[],"product_cat":[202],"product_tag":[],"class_list":{"0":"post-10590","1":"product","2":"type-product","3":"status-publish","4":"has-post-thumbnail","6":"product_cat-motorisations","8":"first","9":"instock","10":"sale","11":"taxable","12":"shipping-taxable","13":"purchasable","14":"product-type-simple"},"_links":{"self":[{"href":"https:\/\/monbip.fr\/de\/wp-json\/wp\/v2\/product\/10590","targetHints":{"allow":["GET"]}}],"collection":[{"href":"https:\/\/monbip.fr\/de\/wp-json\/wp\/v2\/product"}],"about":[{"href":"https:\/\/monbip.fr\/de\/wp-json\/wp\/v2\/types\/product"}],"wp:featuredmedia":[{"embeddable":true,"href":"https:\/\/monbip.fr\/de\/wp-json\/wp\/v2\/media\/10585"}],"wp:attachment":[{"href":"https:\/\/monbip.fr\/de\/wp-json\/wp\/v2\/media?parent=10590"}],"wp:term":[{"taxonomy":"product_brand","embeddable":true,"href":"https:\/\/monbip.fr\/de\/wp-json\/wp\/v2\/product_brand?post=10590"},{"taxonomy":"product_cat","embeddable":true,"href":"https:\/\/monbip.fr\/de\/wp-json\/wp\/v2\/product_cat?post=10590"},{"taxonomy":"product_tag","embeddable":true,"href":"https:\/\/monbip.fr\/de\/wp-json\/wp\/v2\/product_tag?post=10590"}],"curies":[{"name":"wp","href":"https:\/\/api.w.org\/{rel}","templated":true}]}}