{"id":10597,"date":"2025-08-19T12:17:32","date_gmt":"2025-08-19T10:17:32","guid":{"rendered":"https:\/\/monbip.fr\/hormann-lineamatic-akku-solar\/"},"modified":"2025-08-19T12:17:32","modified_gmt":"2025-08-19T10:17:32","slug":"hormann-lineamatic-akku-solar","status":"publish","type":"product","link":"https:\/\/monbip.fr\/de\/produkt\/motorisierungen\/hormann-lineamatic-akku-solar\/","title":{"rendered":"H\u00f6rmann LineaMatic Akku-Solar"},"content":{"rendered":"<p>Gr\u00e2ce \u00e0 la batterie solaire LineaMatic, il est possible d&#8217;automatiser un portail d&#8217;entr\u00e9e m\u00eame en l&#8217;absence de raccordement \u00e9lectrique. L&#8217;\u00e9nergie n\u00e9cessaire au fonctionnement est fournie par la batterie WA 24 fournie. Celle-ci est recharg\u00e9e, notamment en \u00e9t\u00e9, par le module solaire inclus. L&#8217;automatisme est compatible avec de nombreux portails coulissants de plain-pied jusqu&#8217;\u00e0 6\u00a0000 mm de large et jusqu&#8217;\u00e0 200 kg. Il est fourni avec un r\u00e9cepteur radio interne et un \u00e9metteur portatif adapt\u00e9.<\/p>\n<p>Contenu H\u00f6rmann LineaMatic Akku-Solar<\/p>\n<p>.1 motorisation de portail coulissant LineaMatic Battery Solar<br \/>\n.Carte de commande avec programmation guid\u00e9e par menu int\u00e9gr\u00e9e au bo\u00eetier de la motorisation<br \/>\n.R\u00e9cepteur radio interne (868 MHz BiSecur) \u00e0 5 canaux<br \/>\n.D\u00e9verrouillage de secours simple int\u00e9gr\u00e9 au bo\u00eetier de la motorisation<br \/>\n.T\u00e9l\u00e9commande H\u00f6rmann HSE 4, BiSecur, structure enti\u00e8rement noire<br \/>\n.Support magn\u00e9tique H\u00f6rmann pour motorisations de portail coulissant comme fin de course<br \/>\n.Mat\u00e9riel de montage et de fixation<br \/>\n.1 notice d&#8217;utilisation et 1 sch\u00e9ma de c\u00e2blage<br \/>\n.Bo\u00eetier ext\u00e9rieur avec r\u00e9gulateur de charge int\u00e9gr\u00e9 pour la batterie de la motorisation<br \/>\n.Batterie de rechange H\u00f6rmann WA 24<br \/>\n.Module solaire avec c\u00e2ble de raccordement de 10 m<\/p>\n","protected":false},"excerpt":{"rendered":"<p>Kit complet avec batterie amovible WA 24 V H\u00f6rmann LineaMatic Akku-Solar<br \/>\navec r\u00e9cepteur radio interne BiSecur 5 canaux 868 MHz<br \/>\navec \u00e9metteur portatif HSE 4 BiSecur 4 boutons, noir<br \/>\navec module solaire et c\u00e2ble de raccordement de 10 m<\/p>\n<p>D\u00e9lai de livraison 10 jours ouvr\u00e9s<\/p>\n","protected":false},"featured_media":10594,"template":"","meta":[],"product_brand":[],"product_cat":[222],"product_tag":[],"class_list":{"0":"post-10597","1":"product","2":"type-product","3":"status-publish","4":"has-post-thumbnail","6":"product_cat-motorisierungen","8":"first","9":"instock","10":"sale","11":"taxable","12":"shipping-taxable","13":"purchasable","14":"product-type-simple"},"_links":{"self":[{"href":"https:\/\/monbip.fr\/de\/wp-json\/wp\/v2\/product\/10597","targetHints":{"allow":["GET"]}}],"collection":[{"href":"https:\/\/monbip.fr\/de\/wp-json\/wp\/v2\/product"}],"about":[{"href":"https:\/\/monbip.fr\/de\/wp-json\/wp\/v2\/types\/product"}],"wp:featuredmedia":[{"embeddable":true,"href":"https:\/\/monbip.fr\/de\/wp-json\/wp\/v2\/media\/10594"}],"wp:attachment":[{"href":"https:\/\/monbip.fr\/de\/wp-json\/wp\/v2\/media?parent=10597"}],"wp:term":[{"taxonomy":"product_brand","embeddable":true,"href":"https:\/\/monbip.fr\/de\/wp-json\/wp\/v2\/product_brand?post=10597"},{"taxonomy":"product_cat","embeddable":true,"href":"https:\/\/monbip.fr\/de\/wp-json\/wp\/v2\/product_cat?post=10597"},{"taxonomy":"product_tag","embeddable":true,"href":"https:\/\/monbip.fr\/de\/wp-json\/wp\/v2\/product_tag?post=10597"}],"curies":[{"name":"wp","href":"https:\/\/api.w.org\/{rel}","templated":true}]}}