{"id":10603,"date":"2025-08-19T12:54:44","date_gmt":"2025-08-19T10:54:44","guid":{"rendered":"https:\/\/monbip.fr\/?post_type=product&#038;p=10603"},"modified":"2025-08-19T12:54:45","modified_gmt":"2025-08-19T10:54:45","slug":"hormann-supramatic-e-serie-4-bisecur","status":"publish","type":"product","link":"https:\/\/monbip.fr\/de\/produkt\/motorisierungen\/hormann-supramatic-e-serie-4-bisecur\/","title":{"rendered":"H\u00f6rmann SupraMatic E Serie 4 BiSecur"},"content":{"rendered":"<p>Moteur pour porte de garage H\u00f6rmann SupraMatic E S\u00e9rie 4 BiSecur.<br \/>\nAvec le SupraMatic E S\u00e9rie 4, vous b\u00e9n\u00e9ficiez d&#8217;un ouvre-porte de garage haut de gamme de derni\u00e8re g\u00e9n\u00e9ration. \u00c0 l&#8217;instar de son pr\u00e9d\u00e9cesseur, la S\u00e9rie 3, le nouveau SupraMatic E s\u00e9duit par son confort et sa rapidit\u00e9. De plus, il b\u00e9n\u00e9ficie de nombreuses innovations techniques, telles que le r\u00e9cepteur Bluetooth int\u00e9gr\u00e9 et la bande lumineuse LED.<\/p>\n","protected":false},"excerpt":{"rendered":"<p>H\u00f6rmann SupraMatic E Serie 4 BiSecur moteur puissant pour portes de garage de taille moyenne jusqu&#8217;\u00e0 5,5 m de large.<br \/>\nPr\u00eat \u00e0 installer, mat\u00e9riel de montage et t\u00e9l\u00e9commande inclus<br \/>\nR\u00e9cepteur radio BiSecur 868 MHz (868-BS) et Bluetooth inclus<\/p>\n","protected":false},"featured_media":10604,"template":"","meta":[],"product_brand":[],"product_cat":[202],"product_tag":[],"class_list":{"0":"post-10603","1":"product","2":"type-product","3":"status-publish","4":"has-post-thumbnail","6":"product_cat-motorisations","8":"first","9":"instock","10":"sale","11":"taxable","12":"shipping-taxable","13":"purchasable","14":"product-type-simple"},"_links":{"self":[{"href":"https:\/\/monbip.fr\/de\/wp-json\/wp\/v2\/product\/10603","targetHints":{"allow":["GET"]}}],"collection":[{"href":"https:\/\/monbip.fr\/de\/wp-json\/wp\/v2\/product"}],"about":[{"href":"https:\/\/monbip.fr\/de\/wp-json\/wp\/v2\/types\/product"}],"wp:featuredmedia":[{"embeddable":true,"href":"https:\/\/monbip.fr\/de\/wp-json\/wp\/v2\/media\/10604"}],"wp:attachment":[{"href":"https:\/\/monbip.fr\/de\/wp-json\/wp\/v2\/media?parent=10603"}],"wp:term":[{"taxonomy":"product_brand","embeddable":true,"href":"https:\/\/monbip.fr\/de\/wp-json\/wp\/v2\/product_brand?post=10603"},{"taxonomy":"product_cat","embeddable":true,"href":"https:\/\/monbip.fr\/de\/wp-json\/wp\/v2\/product_cat?post=10603"},{"taxonomy":"product_tag","embeddable":true,"href":"https:\/\/monbip.fr\/de\/wp-json\/wp\/v2\/product_tag?post=10603"}],"curies":[{"name":"wp","href":"https:\/\/api.w.org\/{rel}","templated":true}]}}