{"id":10618,"date":"2025-08-19T13:47:48","date_gmt":"2025-08-19T11:47:48","guid":{"rendered":"https:\/\/monbip.fr\/?post_type=product&#038;p=10618"},"modified":"2025-08-19T13:47:48","modified_gmt":"2025-08-19T11:47:48","slug":"moteur-sommer-starter-s2-plus","status":"publish","type":"product","link":"https:\/\/monbip.fr\/de\/produkt\/motorisierungen\/moteur-sommer-starter-s2-plus\/","title":{"rendered":"Moteur SOMMER STARTer S2 Plus"},"content":{"rendered":"<p>Le moteur individuel disponible sur cette page est une pi\u00e8ce de rechange pour le moteur de portail coulissant SOMMER STARTer S2 Plus. Il s&#8217;agit d&#8217;un moteur complet, mais livr\u00e9 sans t\u00e9l\u00e9commande ni cr\u00e9maill\u00e8re. Gr\u00e2ce au mat\u00e9riel de montage fourni, un moteur d\u00e9fectueux peut \u00eatre remplac\u00e9 par ce moteur de rechange en quelques \u00e9tapes seulement, vous permettant ainsi de r\u00e9utiliser facilement les cr\u00e9maill\u00e8res existantes. Si vous installez un moteur de portail coulissant SOMMER pour la premi\u00e8re fois, nous proposons \u00e9galement des kits complets.<\/p>\n","protected":false},"excerpt":{"rendered":"<p>Moteur de remplacement compatible avec le d\u00e9marreur SOMMER STARTER S2 Plus<br \/>\nComprend l&#8217;unit\u00e9 de commande, le mat\u00e9riel de montage et l&#8217;interrupteur de fin de course.<\/p>\n","protected":false},"featured_media":10613,"template":"","meta":[],"product_brand":[],"product_cat":[202],"product_tag":[],"class_list":{"0":"post-10618","1":"product","2":"type-product","3":"status-publish","4":"has-post-thumbnail","6":"product_cat-motorisations","8":"first","9":"instock","10":"sale","11":"taxable","12":"shipping-taxable","13":"purchasable","14":"product-type-simple"},"_links":{"self":[{"href":"https:\/\/monbip.fr\/de\/wp-json\/wp\/v2\/product\/10618","targetHints":{"allow":["GET"]}}],"collection":[{"href":"https:\/\/monbip.fr\/de\/wp-json\/wp\/v2\/product"}],"about":[{"href":"https:\/\/monbip.fr\/de\/wp-json\/wp\/v2\/types\/product"}],"wp:featuredmedia":[{"embeddable":true,"href":"https:\/\/monbip.fr\/de\/wp-json\/wp\/v2\/media\/10613"}],"wp:attachment":[{"href":"https:\/\/monbip.fr\/de\/wp-json\/wp\/v2\/media?parent=10618"}],"wp:term":[{"taxonomy":"product_brand","embeddable":true,"href":"https:\/\/monbip.fr\/de\/wp-json\/wp\/v2\/product_brand?post=10618"},{"taxonomy":"product_cat","embeddable":true,"href":"https:\/\/monbip.fr\/de\/wp-json\/wp\/v2\/product_cat?post=10618"},{"taxonomy":"product_tag","embeddable":true,"href":"https:\/\/monbip.fr\/de\/wp-json\/wp\/v2\/product_tag?post=10618"}],"curies":[{"name":"wp","href":"https:\/\/api.w.org\/{rel}","templated":true}]}}