{"id":10619,"date":"2025-08-19T14:38:40","date_gmt":"2025-08-19T12:38:40","guid":{"rendered":"https:\/\/monbip.fr\/?post_type=product&#038;p=10619"},"modified":"2025-10-01T18:07:28","modified_gmt":"2025-10-01T16:07:28","slug":"carte-electronique-hormann-lineamatic-p","status":"publish","type":"product","link":"https:\/\/monbip.fr\/de\/produkt\/schaltschraenke-de\/carte-electronique-hormann-lineamatic-p\/","title":{"rendered":"Carte \u00e9lectronique H\u00f6rmann LineaMatic"},"content":{"rendered":"<p>La carte de circuit imprim\u00e9 LineaMatic sans r\u00e9cepteur int\u00e9gr\u00e9 est utilis\u00e9e dans tous les op\u00e9rateurs LineaMatic H depuis le 1er juillet 2009 et dans tous les autres op\u00e9rateurs LineaMatic depuis le 1er juillet 2012. Elle est compatible avec les mod\u00e8les produits jusqu&#8217;en f\u00e9vrier 2017. Pour commander \u00e0 distance le portail coulissant correspondant, un r\u00e9cepteur externe doit \u00eatre connect\u00e9 \u00e0 la carte de circuit imprim\u00e9.<\/p>\n","protected":false},"excerpt":{"rendered":"<p>Pi\u00e8ce de rechange pour LineaMatic, LineaMatic P de 07\/2012 \u00e0 02\/2017<br \/>\nConvient \u00e9galement pour LineaMatic H de 07\/2009 \u00e0 02\/2017<br \/>\nProgrammation via les 16 commutateurs DIL du composant rouge<br \/>\nPas de r\u00e9cepteur radio, connexion externe requise<\/p>\n","protected":false},"featured_media":10624,"template":"","meta":[],"product_brand":[],"product_cat":[200],"product_tag":[],"class_list":{"0":"post-10619","1":"product","2":"type-product","3":"status-publish","4":"has-post-thumbnail","6":"product_cat-armoires-de-commande","8":"first","9":"instock","10":"sale","11":"taxable","12":"shipping-taxable","13":"purchasable","14":"product-type-simple"},"_links":{"self":[{"href":"https:\/\/monbip.fr\/de\/wp-json\/wp\/v2\/product\/10619","targetHints":{"allow":["GET"]}}],"collection":[{"href":"https:\/\/monbip.fr\/de\/wp-json\/wp\/v2\/product"}],"about":[{"href":"https:\/\/monbip.fr\/de\/wp-json\/wp\/v2\/types\/product"}],"wp:featuredmedia":[{"embeddable":true,"href":"https:\/\/monbip.fr\/de\/wp-json\/wp\/v2\/media\/10624"}],"wp:attachment":[{"href":"https:\/\/monbip.fr\/de\/wp-json\/wp\/v2\/media?parent=10619"}],"wp:term":[{"taxonomy":"product_brand","embeddable":true,"href":"https:\/\/monbip.fr\/de\/wp-json\/wp\/v2\/product_brand?post=10619"},{"taxonomy":"product_cat","embeddable":true,"href":"https:\/\/monbip.fr\/de\/wp-json\/wp\/v2\/product_cat?post=10619"},{"taxonomy":"product_tag","embeddable":true,"href":"https:\/\/monbip.fr\/de\/wp-json\/wp\/v2\/product_tag?post=10619"}],"curies":[{"name":"wp","href":"https:\/\/api.w.org\/{rel}","templated":true}]}}