{"id":10632,"date":"2025-08-19T14:57:39","date_gmt":"2025-08-19T12:57:39","guid":{"rendered":"https:\/\/monbip.fr\/?post_type=product&#038;p=10632"},"modified":"2025-10-01T18:06:05","modified_gmt":"2025-10-01T16:06:05","slug":"carte-electronique-hormann-lineamatic-h","status":"publish","type":"product","link":"https:\/\/monbip.fr\/de\/produkt\/schaltschraenke-de\/carte-electronique-hormann-lineamatic-h\/","title":{"rendered":"Carte \u00e9lectronique H\u00f6rmann LineaMatic H"},"content":{"rendered":"<p>En option, un r\u00e9cepteur bidirectionnel H\u00f6rmann ESE 5 canaux BiSecur peut \u00eatre connect\u00e9 en externe pour commander l&#8217;op\u00e9rateur \u00e0 distance. Il se branche sur l&#8217;emplacement bus de la carte de circuit imprim\u00e9. Cependant, tout autre r\u00e9cepteur BiSecur 868 MHz ou r\u00e9cepteur relais avec sortie libre de potentiel peut \u00e9galement \u00eatre connect\u00e9 \u00e0 cette carte de commande.<\/p>\n","protected":false},"excerpt":{"rendered":"<p>Carte \u00e9lectronique H\u00f6rmann LineaMatic H<\/p>\n<p>Pi\u00e8ce de rechange pour les motorisations de portails coulissants LineaMatic fabriqu\u00e9es \u00e0 partir de mars 2017<br \/>\nProgrammation par menu avec double affichage 7 segments<br \/>\nPas de r\u00e9cepteur radio, donc un r\u00e9cepteur externe est n\u00e9cessaire<br \/>\nAvec port bus pour le raccordement d&#8217;accessoires et de dispositifs de commande<\/p>\n<p>&nbsp;<\/p>\n","protected":false},"featured_media":10633,"template":"","meta":[],"product_brand":[],"product_cat":[200],"product_tag":[],"class_list":{"0":"post-10632","1":"product","2":"type-product","3":"status-publish","4":"has-post-thumbnail","6":"product_cat-armoires-de-commande","8":"first","9":"instock","10":"sale","11":"taxable","12":"shipping-taxable","13":"purchasable","14":"product-type-simple"},"_links":{"self":[{"href":"https:\/\/monbip.fr\/de\/wp-json\/wp\/v2\/product\/10632","targetHints":{"allow":["GET"]}}],"collection":[{"href":"https:\/\/monbip.fr\/de\/wp-json\/wp\/v2\/product"}],"about":[{"href":"https:\/\/monbip.fr\/de\/wp-json\/wp\/v2\/types\/product"}],"wp:featuredmedia":[{"embeddable":true,"href":"https:\/\/monbip.fr\/de\/wp-json\/wp\/v2\/media\/10633"}],"wp:attachment":[{"href":"https:\/\/monbip.fr\/de\/wp-json\/wp\/v2\/media?parent=10632"}],"wp:term":[{"taxonomy":"product_brand","embeddable":true,"href":"https:\/\/monbip.fr\/de\/wp-json\/wp\/v2\/product_brand?post=10632"},{"taxonomy":"product_cat","embeddable":true,"href":"https:\/\/monbip.fr\/de\/wp-json\/wp\/v2\/product_cat?post=10632"},{"taxonomy":"product_tag","embeddable":true,"href":"https:\/\/monbip.fr\/de\/wp-json\/wp\/v2\/product_tag?post=10632"}],"curies":[{"name":"wp","href":"https:\/\/api.w.org\/{rel}","templated":true}]}}