{"id":10638,"date":"2025-08-19T15:15:33","date_gmt":"2025-08-19T13:15:33","guid":{"rendered":"https:\/\/monbip.fr\/?post_type=product&#038;p=10638"},"modified":"2025-08-19T15:15:33","modified_gmt":"2025-08-19T13:15:33","slug":"hormann-b460-fu-sta","status":"publish","type":"product","link":"https:\/\/monbip.fr\/de\/produkt\/schaltschraenke-de\/hormann-b460-fu-sta\/","title":{"rendered":"Hormann B460 FU &#8211; STA"},"content":{"rendered":"<p>Armoire de commande pour portail industriel Hormann B460 FU STA est sp\u00e9cialement con\u00e7ue pour l&#8217;op\u00e9rateur de portail coulissant STA 400, qui ne peut \u00eatre utilis\u00e9 qu&#8217;avec elle. Toutes les commandes d&#8217;entr\u00e9e sont trait\u00e9es par l&#8217;unit\u00e9 de commande et transmises au moteur d&#8217;entra\u00eenement. Le raccordement d&#8217;accessoires tels que boutons, r\u00e9cepteurs radio et dispositifs de s\u00e9curit\u00e9 est \u00e9galement possible uniquement via l&#8217;unit\u00e9 de commande. La pi\u00e8ce de rechange propos\u00e9e ici est l&#8217;unit\u00e9 de commande compl\u00e8te, comprenant le couvercle du bo\u00eetier avec interrupteur principal, le clavier \u00e0 membrane et la carte de circuit imprim\u00e9 du clavier.<\/p>\n","protected":false},"excerpt":{"rendered":"<p>Hormann B460 FU &#8211; STA pour\u00a0 porte industrielle pour motorisations de portail coulissant H\u00f6rmann STA 400.<br \/>\nCommande compl\u00e8te avec interrupteur principal et clavier \u00e0 membrane pour le traitement des commandes et le raccordement des accessoires.<br \/>\nNe convient pas aux autres motorisations de portail coulissant STA et LineaMatic<\/p>\n","protected":false},"featured_media":10639,"template":"","meta":[],"product_brand":[],"product_cat":[200],"product_tag":[],"class_list":{"0":"post-10638","1":"product","2":"type-product","3":"status-publish","4":"has-post-thumbnail","6":"product_cat-armoires-de-commande","8":"first","9":"instock","10":"sale","11":"taxable","12":"shipping-taxable","13":"purchasable","14":"product-type-simple"},"_links":{"self":[{"href":"https:\/\/monbip.fr\/de\/wp-json\/wp\/v2\/product\/10638","targetHints":{"allow":["GET"]}}],"collection":[{"href":"https:\/\/monbip.fr\/de\/wp-json\/wp\/v2\/product"}],"about":[{"href":"https:\/\/monbip.fr\/de\/wp-json\/wp\/v2\/types\/product"}],"wp:featuredmedia":[{"embeddable":true,"href":"https:\/\/monbip.fr\/de\/wp-json\/wp\/v2\/media\/10639"}],"wp:attachment":[{"href":"https:\/\/monbip.fr\/de\/wp-json\/wp\/v2\/media?parent=10638"}],"wp:term":[{"taxonomy":"product_brand","embeddable":true,"href":"https:\/\/monbip.fr\/de\/wp-json\/wp\/v2\/product_brand?post=10638"},{"taxonomy":"product_cat","embeddable":true,"href":"https:\/\/monbip.fr\/de\/wp-json\/wp\/v2\/product_cat?post=10638"},{"taxonomy":"product_tag","embeddable":true,"href":"https:\/\/monbip.fr\/de\/wp-json\/wp\/v2\/product_tag?post=10638"}],"curies":[{"name":"wp","href":"https:\/\/api.w.org\/{rel}","templated":true}]}}