{"id":10646,"date":"2025-08-19T19:10:19","date_gmt":"2025-08-19T17:10:19","guid":{"rendered":"https:\/\/monbip.fr\/?post_type=product&#038;p=10646"},"modified":"2025-08-19T19:10:19","modified_gmt":"2025-08-19T17:10:19","slug":"platine-hormann-b460-fu-sta","status":"publish","type":"product","link":"https:\/\/monbip.fr\/de\/produkt\/schaltschraenke-de\/platine-hormann-b460-fu-sta\/","title":{"rendered":"Platine Hormann B460 FU-STA"},"content":{"rendered":"<p>Platine Hormann B460 FU-STA est la carte de commande de l&#8217;op\u00e9rateur de portail coulissant industriel H\u00f6rmann STA 400, fournie ici sans bo\u00eetier, couvercle ni interrupteur principal. Cette carte sert principalement au traitement des commandes et au raccordement des accessoires d&#8217;entr\u00e9e et de s\u00e9curit\u00e9. La pi\u00e8ce de rechange disponible ici est principalement destin\u00e9e au remplacement en cas de perte ou de d\u00e9t\u00e9rioration de l&#8217;unit\u00e9 de commande d&#8217;origine.<\/p>\n","protected":false},"excerpt":{"rendered":"<p>Carte m\u00e8re pour commande de porte industrielle H\u00f6rmann B460 FU \u2013 STA<br \/>\nPour la commande et l&#8217;exploitation des motorisations de portails coulissants STA 400<br \/>\nAvec connexions pour dispositifs de s\u00e9curit\u00e9 et accessoires<br \/>\nNe convient pas aux autres motorisations de portails coulissants (STA, LineaMatic)<\/p>\n","protected":false},"featured_media":10647,"template":"","meta":[],"product_brand":[],"product_cat":[200],"product_tag":[],"class_list":{"0":"post-10646","1":"product","2":"type-product","3":"status-publish","4":"has-post-thumbnail","6":"product_cat-armoires-de-commande","8":"first","9":"instock","10":"sale","11":"taxable","12":"shipping-taxable","13":"purchasable","14":"product-type-simple"},"_links":{"self":[{"href":"https:\/\/monbip.fr\/de\/wp-json\/wp\/v2\/product\/10646","targetHints":{"allow":["GET"]}}],"collection":[{"href":"https:\/\/monbip.fr\/de\/wp-json\/wp\/v2\/product"}],"about":[{"href":"https:\/\/monbip.fr\/de\/wp-json\/wp\/v2\/types\/product"}],"wp:featuredmedia":[{"embeddable":true,"href":"https:\/\/monbip.fr\/de\/wp-json\/wp\/v2\/media\/10647"}],"wp:attachment":[{"href":"https:\/\/monbip.fr\/de\/wp-json\/wp\/v2\/media?parent=10646"}],"wp:term":[{"taxonomy":"product_brand","embeddable":true,"href":"https:\/\/monbip.fr\/de\/wp-json\/wp\/v2\/product_brand?post=10646"},{"taxonomy":"product_cat","embeddable":true,"href":"https:\/\/monbip.fr\/de\/wp-json\/wp\/v2\/product_cat?post=10646"},{"taxonomy":"product_tag","embeddable":true,"href":"https:\/\/monbip.fr\/de\/wp-json\/wp\/v2\/product_tag?post=10646"}],"curies":[{"name":"wp","href":"https:\/\/api.w.org\/{rel}","templated":true}]}}