{"id":10676,"date":"2025-08-19T21:05:44","date_gmt":"2025-08-19T19:05:44","guid":{"rendered":"https:\/\/monbip.fr\/?post_type=product&#038;p=10676"},"modified":"2025-08-19T21:05:45","modified_gmt":"2025-08-19T19:05:45","slug":"kit-moteur-industrielle-hormann-wa-500","status":"publish","type":"product","link":"https:\/\/monbip.fr\/de\/produkt\/tor-oder-garagenmotor-kit-de\/kit-moteur-industrielle-hormann-wa-500\/","title":{"rendered":"Kit moteur industrielle H\u00f6rmann WA 500"},"content":{"rendered":"<p>Kit moteur industrielle H\u00f6rmann WA 500 avec unit\u00e9 de commande<\/p>\n<p>L&#8217;op\u00e9rateur de porte industrielle H\u00f6rmann WA 500 avec cha\u00eene de secours est compatible avec les portes sectionnelles industrielles H\u00f6rmann. Il s&#8217;agit d&#8217;un op\u00e9rateur d&#8217;arbre pr\u00eat \u00e0 installer, \u00e9quip\u00e9 de s\u00e9curit\u00e9s de bord de fermeture et de mou de c\u00e2ble. Con\u00e7u pour les conditions de passage intensif, il garantit un fonctionnement fiable et pratique de la porte sur le long terme. Vous avez le choix entre la commande \u00e0 microprocesseur H\u00f6rmann 545 ou 560. Il s&#8217;installe directement \u00e0 c\u00f4t\u00e9 de la porte sectionnelle gr\u00e2ce \u00e0 des capteurs de vantail enfichables. Vous pouvez choisir entre un montage par bride ou, pour les espaces restreints, une installation avec bo\u00eetier \u00e0 cha\u00eene.<\/p>\n","protected":false},"excerpt":{"rendered":"<p>Kit moteur industrielle H\u00f6rmann WA 500 avec unit\u00e9 de commande pour portes sectionnelles industrielles H\u00f6rmann S\u00e9rie 60 avec commande H\u00f6rmann 545 ou 560.<br \/>\nAvec cha\u00eene de secours et batterie<br \/>\nConfiguration personnalis\u00e9e selon les informations de la plaque signal\u00e9tique<\/p>\n","protected":false},"featured_media":10677,"template":"","meta":[],"product_brand":[],"product_cat":[208],"product_tag":[],"class_list":{"0":"post-10676","1":"product","2":"type-product","3":"status-publish","4":"has-post-thumbnail","6":"product_cat-kit-moteur-portail-ou-garage","8":"first","9":"instock","10":"sale","11":"taxable","12":"shipping-taxable","13":"purchasable","14":"product-type-simple"},"_links":{"self":[{"href":"https:\/\/monbip.fr\/de\/wp-json\/wp\/v2\/product\/10676","targetHints":{"allow":["GET"]}}],"collection":[{"href":"https:\/\/monbip.fr\/de\/wp-json\/wp\/v2\/product"}],"about":[{"href":"https:\/\/monbip.fr\/de\/wp-json\/wp\/v2\/types\/product"}],"wp:featuredmedia":[{"embeddable":true,"href":"https:\/\/monbip.fr\/de\/wp-json\/wp\/v2\/media\/10677"}],"wp:attachment":[{"href":"https:\/\/monbip.fr\/de\/wp-json\/wp\/v2\/media?parent=10676"}],"wp:term":[{"taxonomy":"product_brand","embeddable":true,"href":"https:\/\/monbip.fr\/de\/wp-json\/wp\/v2\/product_brand?post=10676"},{"taxonomy":"product_cat","embeddable":true,"href":"https:\/\/monbip.fr\/de\/wp-json\/wp\/v2\/product_cat?post=10676"},{"taxonomy":"product_tag","embeddable":true,"href":"https:\/\/monbip.fr\/de\/wp-json\/wp\/v2\/product_tag?post=10676"}],"curies":[{"name":"wp","href":"https:\/\/api.w.org\/{rel}","templated":true}]}}