{"id":10682,"date":"2025-08-19T21:18:41","date_gmt":"2025-08-19T19:18:41","guid":{"rendered":"https:\/\/monbip.fr\/?post_type=product&#038;p=10682"},"modified":"2025-08-19T21:18:41","modified_gmt":"2025-08-19T19:18:41","slug":"moteur-battant-solaire-a-batterie-hormann-rotamatic","status":"publish","type":"product","link":"https:\/\/monbip.fr\/de\/produkt\/tor-oder-garagenmotor-kit-de\/moteur-battant-solaire-a-batterie-hormann-rotamatic\/","title":{"rendered":"Moteur battant solaire \u00e0 batterie H\u00f6rmann RotaMatic"},"content":{"rendered":"<p>Moteur battant solaire \u00e0 batterie H\u00f6rmann RotaMatic<\/p>\n<p>Vous souhaitez un automatisme de portail sans branchement \u00e9lectrique\u00a0? L&#8217;automatisme de portail battant H\u00f6rmann RotaMatic Akku Solar est ind\u00e9pendant du r\u00e9seau \u00e9lectrique gr\u00e2ce \u00e0 ses puissantes batteries. Les batteries et le r\u00e9gulateur de charge correspondant sont log\u00e9s dans un bo\u00eetier s\u00e9par\u00e9. La charge et le maintien de la charge sont assur\u00e9s par le module solaire compatible avec le RotaMatic Akku. Un r\u00e9cepteur radio est int\u00e9gr\u00e9 pour la t\u00e9l\u00e9commande. Ce r\u00e9cepteur est r\u00e9gl\u00e9 sur la norme radio BiSecur 868\u00a0MHz (868-BS).<\/p>\n","protected":false},"excerpt":{"rendered":"<p>Moteur battant solaire \u00e0 batterie H\u00f6rmann RotaMatic<\/p>\n<p>Derni\u00e8re version de f\u00e9vrier 2025 avec r\u00e9cepteur BiSecur int\u00e9gr\u00e9<br \/>\npour portails battants d&#8217;entr\u00e9e plus petits et plus l\u00e9gers, sans raccordement \u00e9lectrique<br \/>\ncomprend une unit\u00e9 de commande, un \u00e9metteur portatif (868-BS), une batterie et un module solaire<\/p>\n","protected":false},"featured_media":10668,"template":"","meta":[],"product_brand":[],"product_cat":[208],"product_tag":[],"class_list":{"0":"post-10682","1":"product","2":"type-product","3":"status-publish","4":"has-post-thumbnail","6":"product_cat-kit-moteur-portail-ou-garage","8":"first","9":"instock","10":"sale","11":"taxable","12":"shipping-taxable","13":"purchasable","14":"product-type-simple"},"_links":{"self":[{"href":"https:\/\/monbip.fr\/de\/wp-json\/wp\/v2\/product\/10682","targetHints":{"allow":["GET"]}}],"collection":[{"href":"https:\/\/monbip.fr\/de\/wp-json\/wp\/v2\/product"}],"about":[{"href":"https:\/\/monbip.fr\/de\/wp-json\/wp\/v2\/types\/product"}],"wp:featuredmedia":[{"embeddable":true,"href":"https:\/\/monbip.fr\/de\/wp-json\/wp\/v2\/media\/10668"}],"wp:attachment":[{"href":"https:\/\/monbip.fr\/de\/wp-json\/wp\/v2\/media?parent=10682"}],"wp:term":[{"taxonomy":"product_brand","embeddable":true,"href":"https:\/\/monbip.fr\/de\/wp-json\/wp\/v2\/product_brand?post=10682"},{"taxonomy":"product_cat","embeddable":true,"href":"https:\/\/monbip.fr\/de\/wp-json\/wp\/v2\/product_cat?post=10682"},{"taxonomy":"product_tag","embeddable":true,"href":"https:\/\/monbip.fr\/de\/wp-json\/wp\/v2\/product_tag?post=10682"}],"curies":[{"name":"wp","href":"https:\/\/api.w.org\/{rel}","templated":true}]}}