{"id":10709,"date":"2025-08-19T22:06:11","date_gmt":"2025-08-19T20:06:11","guid":{"rendered":"https:\/\/monbip.fr\/?post_type=product&#038;p=10709"},"modified":"2025-08-19T22:06:12","modified_gmt":"2025-08-19T20:06:12","slug":"hormann-a-445","status":"publish","type":"product","link":"https:\/\/monbip.fr\/de\/produkt\/schaltschraenke-de\/hormann-a-445\/","title":{"rendered":"H\u00f6rmann A 445"},"content":{"rendered":"<p>H\u00f6rmann A 445 est une commande \u00e0 microprocesseur log\u00e9e dans un bo\u00eetier plastique robuste, class\u00e9 IP65, avec clavier \u00e0 membrane int\u00e9gr\u00e9 pour les fonctions d&#8217;impulsion Ouverture-Arr\u00eat-Fermeture et serrure miniature int\u00e9gr\u00e9e pour le verrouillage des commandes externes. Cette commande de porte intelligente et fiable est adapt\u00e9e aux motorisations industrielles, telles que la motorisation d&#8217;arbre H\u00f6rmann WA 400 ou la motorisation \u00e0 cha\u00eene H\u00f6rmann ITO 400. Install\u00e9e \u00e0 proximit\u00e9 imm\u00e9diate de la porte, elle permet des r\u00e9glages ais\u00e9s directement depuis la commande. Le double afficheur 7 segments est particuli\u00e8rement lisible et simplifie encore davantage l&#8217;utilisation de la commande.<\/p>\n<p>&nbsp;<\/p>\n","protected":false},"excerpt":{"rendered":"<p>H\u00f6rmann A 445 armoire de commande intelligente par microprocesseur pour motorisations industrielles H\u00f6rmann WA 400, ITO 400, S75, S140.<br \/>\nMini-serrure pour le blocage des \u00e9l\u00e9ments de commande externes<br \/>\nExtensible en option avec un r\u00e9cepteur radio externe<\/p>\n<p>R\u00e9f. 636620<\/p>\n<div class=\"product--detail-upper block-group\">\n<div class=\"product--buybox block\">\n<div class=\"product--rating-container\"><\/div>\n<\/div>\n<\/div>\n<div class=\"tab-menu--product js--tab-menu\"><\/div>\n","protected":false},"featured_media":10710,"template":"","meta":[],"product_brand":[],"product_cat":[200],"product_tag":[],"class_list":{"0":"post-10709","1":"product","2":"type-product","3":"status-publish","4":"has-post-thumbnail","6":"product_cat-armoires-de-commande","8":"first","9":"instock","10":"sale","11":"taxable","12":"shipping-taxable","13":"purchasable","14":"product-type-simple"},"_links":{"self":[{"href":"https:\/\/monbip.fr\/de\/wp-json\/wp\/v2\/product\/10709","targetHints":{"allow":["GET"]}}],"collection":[{"href":"https:\/\/monbip.fr\/de\/wp-json\/wp\/v2\/product"}],"about":[{"href":"https:\/\/monbip.fr\/de\/wp-json\/wp\/v2\/types\/product"}],"wp:featuredmedia":[{"embeddable":true,"href":"https:\/\/monbip.fr\/de\/wp-json\/wp\/v2\/media\/10710"}],"wp:attachment":[{"href":"https:\/\/monbip.fr\/de\/wp-json\/wp\/v2\/media?parent=10709"}],"wp:term":[{"taxonomy":"product_brand","embeddable":true,"href":"https:\/\/monbip.fr\/de\/wp-json\/wp\/v2\/product_brand?post=10709"},{"taxonomy":"product_cat","embeddable":true,"href":"https:\/\/monbip.fr\/de\/wp-json\/wp\/v2\/product_cat?post=10709"},{"taxonomy":"product_tag","embeddable":true,"href":"https:\/\/monbip.fr\/de\/wp-json\/wp\/v2\/product_tag?post=10709"}],"curies":[{"name":"wp","href":"https:\/\/api.w.org\/{rel}","templated":true}]}}