{"id":10714,"date":"2025-08-19T22:19:07","date_gmt":"2025-08-19T20:19:07","guid":{"rendered":"https:\/\/monbip.fr\/?post_type=product&#038;p=10714"},"modified":"2025-08-19T22:19:08","modified_gmt":"2025-08-19T20:19:08","slug":"hormann-supramatic-h-serie-4","status":"publish","type":"product","link":"https:\/\/monbip.fr\/de\/produkt\/motorisierungen\/hormann-supramatic-h-serie-4\/","title":{"rendered":"H\u00f6rmann SupraMatic H Serie 4"},"content":{"rendered":"<p>H\u00f6rmann SupraMatic H Serie 4<\/p>\n<p>Le SupraMatic H S\u00e9rie 4 est le nouvel op\u00e9rateur de porte de garage extra-robuste d&#8217;H\u00f6rmann. Cet op\u00e9rateur est particuli\u00e8rement adapt\u00e9 aux grandes portes de garage doubles, aux portes de garage souterraines et aux petites portes industrielles. Il impressionne par sa force de traction de 1\u00a0000 N, son \u00e9clairage LED puissant et son rail de guidage FS 60\/FS 6 particuli\u00e8rement robuste. De plus, il dispose de divers emplacements pour accessoires professionnels et d&#8217;un r\u00e9cepteur radio BiSecur interne pour une commande sans fil de la porte.<\/p>\n","protected":false},"excerpt":{"rendered":"<p>H\u00f6rmann SupraMatic H Serie 4 pour portes de garage de grande taille et de garage souterrain.<br \/>\nMat\u00e9riel d&#8217;installation, r\u00e9cepteur radio et t\u00e9l\u00e9commande inclus<\/p>\n<p>&nbsp;<\/p>\n","protected":false},"featured_media":10715,"template":"","meta":[],"product_brand":[],"product_cat":[202],"product_tag":[],"class_list":{"0":"post-10714","1":"product","2":"type-product","3":"status-publish","4":"has-post-thumbnail","6":"product_cat-motorisations","8":"first","9":"instock","10":"sale","11":"taxable","12":"shipping-taxable","13":"purchasable","14":"product-type-simple"},"_links":{"self":[{"href":"https:\/\/monbip.fr\/de\/wp-json\/wp\/v2\/product\/10714","targetHints":{"allow":["GET"]}}],"collection":[{"href":"https:\/\/monbip.fr\/de\/wp-json\/wp\/v2\/product"}],"about":[{"href":"https:\/\/monbip.fr\/de\/wp-json\/wp\/v2\/types\/product"}],"wp:featuredmedia":[{"embeddable":true,"href":"https:\/\/monbip.fr\/de\/wp-json\/wp\/v2\/media\/10715"}],"wp:attachment":[{"href":"https:\/\/monbip.fr\/de\/wp-json\/wp\/v2\/media?parent=10714"}],"wp:term":[{"taxonomy":"product_brand","embeddable":true,"href":"https:\/\/monbip.fr\/de\/wp-json\/wp\/v2\/product_brand?post=10714"},{"taxonomy":"product_cat","embeddable":true,"href":"https:\/\/monbip.fr\/de\/wp-json\/wp\/v2\/product_cat?post=10714"},{"taxonomy":"product_tag","embeddable":true,"href":"https:\/\/monbip.fr\/de\/wp-json\/wp\/v2\/product_tag?post=10714"}],"curies":[{"name":"wp","href":"https:\/\/api.w.org\/{rel}","templated":true}]}}