{"id":10736,"date":"2025-08-26T16:23:46","date_gmt":"2025-08-26T14:23:46","guid":{"rendered":"https:\/\/monbip.fr\/?post_type=product&#038;p=10736"},"modified":"2025-08-26T16:23:47","modified_gmt":"2025-08-26T14:23:47","slug":"seav-ls-2150-green","status":"publish","type":"product","link":"https:\/\/monbip.fr\/de\/produkt\/schaltschraenke-de\/seav-ls-2150-green\/","title":{"rendered":"SEAV LS 2150 GREEN"},"content":{"rendered":"<p>SEAV LS 2150 GREEN<\/p>\n","protected":false},"excerpt":{"rendered":"<p>Armoire de\u00a0 commande SEAV LS 2150 GREEN <strong>Alimentation:<\/strong><br \/>\n100\u00f7240 Vac 50\/60Hz 1800W max<br \/>\n<strong>Consommation en veille :<\/strong><br \/>\n300 mW<br \/>\n<strong>Sortie clignotant :<\/strong><br \/>\nCharge r\u00e9sistive max. 100 W<br \/>\nCharge inductive max. 50 W<br \/>\n<strong>Sortie moteur :<\/strong><br \/>\n100\u00f7240 Vac 50\/60Hz 750 W max<br \/>\n<strong>Sortie alimentation photocellules :<\/strong><br \/>\n24 Vcc<br \/>\n<strong>Nb de t\u00e9l\u00e9commandes programmables :<\/strong><br \/>\n150 ( 12-18 bit, Rolling code, Rolling code plus )<br \/>\n<strong>Temp\u00e9rature de fonctionnement :<\/strong><br \/>\n-10\u00f755\u00b0C<br \/>\n<strong>Dimensions du bo\u00eetier :<\/strong><br \/>\n190x140x70 mm<br \/>\n<strong>Bo\u00eetier :<\/strong><br \/>\nABS V0 (IP54)pour portails battants avec r\u00e9cepteur radio int\u00e9gr\u00e9. Absorption en veille inf\u00e9rieure \u00e0 0,3 W<\/p>\n","protected":false},"featured_media":10737,"template":"","meta":[],"product_brand":[],"product_cat":[200],"product_tag":[],"class_list":{"0":"post-10736","1":"product","2":"type-product","3":"status-publish","4":"has-post-thumbnail","6":"product_cat-armoires-de-commande","8":"first","9":"instock","10":"sale","11":"taxable","12":"shipping-taxable","13":"purchasable","14":"product-type-simple"},"_links":{"self":[{"href":"https:\/\/monbip.fr\/de\/wp-json\/wp\/v2\/product\/10736","targetHints":{"allow":["GET"]}}],"collection":[{"href":"https:\/\/monbip.fr\/de\/wp-json\/wp\/v2\/product"}],"about":[{"href":"https:\/\/monbip.fr\/de\/wp-json\/wp\/v2\/types\/product"}],"wp:featuredmedia":[{"embeddable":true,"href":"https:\/\/monbip.fr\/de\/wp-json\/wp\/v2\/media\/10737"}],"wp:attachment":[{"href":"https:\/\/monbip.fr\/de\/wp-json\/wp\/v2\/media?parent=10736"}],"wp:term":[{"taxonomy":"product_brand","embeddable":true,"href":"https:\/\/monbip.fr\/de\/wp-json\/wp\/v2\/product_brand?post=10736"},{"taxonomy":"product_cat","embeddable":true,"href":"https:\/\/monbip.fr\/de\/wp-json\/wp\/v2\/product_cat?post=10736"},{"taxonomy":"product_tag","embeddable":true,"href":"https:\/\/monbip.fr\/de\/wp-json\/wp\/v2\/product_tag?post=10736"}],"curies":[{"name":"wp","href":"https:\/\/api.w.org\/{rel}","templated":true}]}}