{"id":10939,"date":"2025-11-19T17:27:22","date_gmt":"2025-11-19T15:27:22","guid":{"rendered":"https:\/\/monbip.fr\/?post_type=product&#038;p=10939"},"modified":"2025-11-19T17:27:22","modified_gmt":"2025-11-19T15:27:22","slug":"operateur-irreversible-hydraulique-bft-sub-er-sc-sx-230v","status":"publish","type":"product","link":"https:\/\/monbip.fr\/de\/produkt\/motorisierungen\/drehtorantriebe\/operateur-irreversible-hydraulique-bft-sub-er-sc-sx-230v\/","title":{"rendered":"Op\u00e9rateur irr\u00e9versible hydraulique BFT SUB ER SC SX 230V"},"content":{"rendered":"","protected":false},"excerpt":{"rendered":"<p>Moteur enterr\u00e9 \u00e0 gauche BFT SUB ER SC SX 230V jusqu&#8217;\u00e0 2,5 m<\/p>\n<p>R\u00e9f. P930009 00005<\/p>\n","protected":false},"featured_media":6259,"template":"","meta":[],"product_brand":[],"product_cat":[207],"product_tag":[],"class_list":{"0":"post-10939","1":"product","2":"type-product","3":"status-publish","4":"has-post-thumbnail","6":"product_cat-motorisation-portail-battant","8":"first","9":"instock","10":"sale","11":"taxable","12":"shipping-taxable","13":"purchasable","14":"product-type-simple"},"_links":{"self":[{"href":"https:\/\/monbip.fr\/de\/wp-json\/wp\/v2\/product\/10939","targetHints":{"allow":["GET"]}}],"collection":[{"href":"https:\/\/monbip.fr\/de\/wp-json\/wp\/v2\/product"}],"about":[{"href":"https:\/\/monbip.fr\/de\/wp-json\/wp\/v2\/types\/product"}],"wp:featuredmedia":[{"embeddable":true,"href":"https:\/\/monbip.fr\/de\/wp-json\/wp\/v2\/media\/6259"}],"wp:attachment":[{"href":"https:\/\/monbip.fr\/de\/wp-json\/wp\/v2\/media?parent=10939"}],"wp:term":[{"taxonomy":"product_brand","embeddable":true,"href":"https:\/\/monbip.fr\/de\/wp-json\/wp\/v2\/product_brand?post=10939"},{"taxonomy":"product_cat","embeddable":true,"href":"https:\/\/monbip.fr\/de\/wp-json\/wp\/v2\/product_cat?post=10939"},{"taxonomy":"product_tag","embeddable":true,"href":"https:\/\/monbip.fr\/de\/wp-json\/wp\/v2\/product_tag?post=10939"}],"curies":[{"name":"wp","href":"https:\/\/api.w.org\/{rel}","templated":true}]}}