{"id":11088,"date":"2026-01-05T19:49:14","date_gmt":"2026-01-05T17:49:14","guid":{"rendered":"https:\/\/monbip.fr\/?post_type=product&#038;p=11088"},"modified":"2026-01-05T19:49:14","modified_gmt":"2026-01-05T17:49:14","slug":"life-deus-4hp","status":"publish","type":"product","link":"https:\/\/monbip.fr\/de\/produkt\/motorisierungen\/life-deus-4hp\/","title":{"rendered":"LIFE DEUS 4HP"},"content":{"rendered":"<p>LIFE DEUS 4HP<\/p>\n<p>Poids maximal de la lame (kg) 400<\/p>\n<p>Alimentation du moteur (V) 24 VCC<\/p>\n<p>Puissance absorb\u00e9e (W) 120<\/p>\n<p>Pouss\u00e9e (N) 300<\/p>\n<p>Lubrification (Type) Graissage permanent<\/p>\n<p>Protection thermique (\u00b0C) 140<\/p>\n<p>Temp\u00e9rature de fonctionnement (\u00b0C Min\/Max) -20 +70<\/p>\n<p>Indice de protection (IP) 55<\/p>\n<p>Max. Vitesse (m\/s) 0,23<\/p>\n<p>Couple de d\u00e9marrage maximal (Nm) 15<\/p>\n<p>Dur\u00e9e de fonctionnement continu (min) 20<\/p>\n<p>Intermittence de fonctionnement (%) 80<\/p>\n<p>Hauteur du pignon &#8211; h (mm) 91<\/p>\n","protected":false},"excerpt":{"rendered":"<p>LIFE DEUS 4HP mod\u00e8le \u00e9quip\u00e9 d\u2019un double encodeur, unit\u00e9 de commande CT1 24VL<\/p>\n","protected":false},"featured_media":11084,"template":"","meta":[],"product_brand":[],"product_cat":[202],"product_tag":[],"class_list":{"0":"post-11088","1":"product","2":"type-product","3":"status-publish","4":"has-post-thumbnail","6":"product_cat-motorisations","8":"first","9":"instock","10":"sale","11":"taxable","12":"shipping-taxable","13":"purchasable","14":"product-type-simple"},"_links":{"self":[{"href":"https:\/\/monbip.fr\/de\/wp-json\/wp\/v2\/product\/11088","targetHints":{"allow":["GET"]}}],"collection":[{"href":"https:\/\/monbip.fr\/de\/wp-json\/wp\/v2\/product"}],"about":[{"href":"https:\/\/monbip.fr\/de\/wp-json\/wp\/v2\/types\/product"}],"wp:featuredmedia":[{"embeddable":true,"href":"https:\/\/monbip.fr\/de\/wp-json\/wp\/v2\/media\/11084"}],"wp:attachment":[{"href":"https:\/\/monbip.fr\/de\/wp-json\/wp\/v2\/media?parent=11088"}],"wp:term":[{"taxonomy":"product_brand","embeddable":true,"href":"https:\/\/monbip.fr\/de\/wp-json\/wp\/v2\/product_brand?post=11088"},{"taxonomy":"product_cat","embeddable":true,"href":"https:\/\/monbip.fr\/de\/wp-json\/wp\/v2\/product_cat?post=11088"},{"taxonomy":"product_tag","embeddable":true,"href":"https:\/\/monbip.fr\/de\/wp-json\/wp\/v2\/product_tag?post=11088"}],"curies":[{"name":"wp","href":"https:\/\/api.w.org\/{rel}","templated":true}]}}