{"id":11089,"date":"2026-01-05T21:23:18","date_gmt":"2026-01-05T19:23:18","guid":{"rendered":"https:\/\/monbip.fr\/?post_type=product&#038;p=11089"},"modified":"2026-01-05T21:23:19","modified_gmt":"2026-01-05T19:23:19","slug":"life-ac3rm-24dl","status":"publish","type":"product","link":"https:\/\/monbip.fr\/de\/produkt\/motorisierungen\/life-ac3rm-24dl\/","title":{"rendered":"LIFE AC3RM 24DL"},"content":{"rendered":"<p><strong>LIFE ACER AC3RM 24DL<\/strong> &#8211; Moto r\u00e9ducteur 24V avec encodeur pour portail coulissant jusqu&#8217;\u00e0 300 Kg.<\/p>\n<p>Fiches techniques<\/p>\n<p>Alimentation moteur : 24V<br \/>\nPuissance : 150W<br \/>\nForce de traction : 300 N<br \/>\nIP: 44<br \/>\nIntermittence travail : 80%<br \/>\nVitesse : 6\/12 mm\/min<br \/>\nTemp\u00e9rature de de fonctionnement : -20\u00b0 \u00e0 + 70\u00b0<\/p>\n","protected":false},"excerpt":{"rendered":"<p>LIFE AC3RM 24DL 300 kg 24V d.c. Mod\u00e8le \u00e9quip\u00e9 d&#8217;un encodeur, d&#8217;une but\u00e9e magn\u00e9tique et d&#8217;une unit\u00e9 de commande RG1R 24 DL.<\/p>\n","protected":false},"featured_media":11090,"template":"","meta":[],"product_brand":[],"product_cat":[202],"product_tag":[],"class_list":{"0":"post-11089","1":"product","2":"type-product","3":"status-publish","4":"has-post-thumbnail","6":"product_cat-motorisations","8":"first","9":"instock","10":"sale","11":"taxable","12":"shipping-taxable","13":"purchasable","14":"product-type-simple"},"_links":{"self":[{"href":"https:\/\/monbip.fr\/de\/wp-json\/wp\/v2\/product\/11089","targetHints":{"allow":["GET"]}}],"collection":[{"href":"https:\/\/monbip.fr\/de\/wp-json\/wp\/v2\/product"}],"about":[{"href":"https:\/\/monbip.fr\/de\/wp-json\/wp\/v2\/types\/product"}],"wp:featuredmedia":[{"embeddable":true,"href":"https:\/\/monbip.fr\/de\/wp-json\/wp\/v2\/media\/11090"}],"wp:attachment":[{"href":"https:\/\/monbip.fr\/de\/wp-json\/wp\/v2\/media?parent=11089"}],"wp:term":[{"taxonomy":"product_brand","embeddable":true,"href":"https:\/\/monbip.fr\/de\/wp-json\/wp\/v2\/product_brand?post=11089"},{"taxonomy":"product_cat","embeddable":true,"href":"https:\/\/monbip.fr\/de\/wp-json\/wp\/v2\/product_cat?post=11089"},{"taxonomy":"product_tag","embeddable":true,"href":"https:\/\/monbip.fr\/de\/wp-json\/wp\/v2\/product_tag?post=11089"}],"curies":[{"name":"wp","href":"https:\/\/api.w.org\/{rel}","templated":true}]}}