{"id":11099,"date":"2026-01-08T20:18:51","date_gmt":"2026-01-08T18:18:51","guid":{"rendered":"https:\/\/monbip.fr\/?post_type=product&#038;p=11099"},"modified":"2026-01-08T20:18:52","modified_gmt":"2026-01-08T18:18:52","slug":"v2-able-tx-toh2-43392-mhz","status":"publish","type":"product","link":"https:\/\/monbip.fr\/de\/produkt\/garagen-und-torfernbedienungen\/v2-able-tx-toh2-43392-mhz\/","title":{"rendered":"V2 ABLE TX TOH2 433,92 MHz"},"content":{"rendered":"<p>Sp\u00e9cifications techniques<\/p>\n<p>Code\u00a0: 10Y001<br \/>\nFr\u00e9quence\u00a0: 433,92\u00a0MHz<br \/>\nCanaux\u00a0: 2 boutons<br \/>\nPort\u00e9e en champ libre\u00a0: 300\u00a0m<br \/>\nAlimentation\u00a0: Pile au lithium 3\u00a0V (CR2032)<br \/>\nConsommation maximale\u00a0: &lt;\u00a010\u00a0mA<br \/>\nDimensions\u00a0: 31\u00a0\u00d7\u00a060\u00a0\u00d7\u00a011\u00a0mm<\/p>\n","protected":false},"excerpt":{"rendered":"<p>\u00c9metteur V2 ABLE TX TOH2 433,92 MHz<\/p>\n<p>T\u00e9l\u00e9commande V2 ABLE \u00e0 code tournant fonctionnant \u00e0 433,92 MHz.<\/p>\n<p>Cet \u00e9metteur utilise un code standard et est donc compatible uniquement avec les r\u00e9cepteurs non personnalis\u00e9s.<\/p>\n","protected":false},"featured_media":11100,"template":"","meta":[],"product_brand":[],"product_cat":[199],"product_tag":[],"class_list":{"0":"post-11099","1":"product","2":"type-product","3":"status-publish","4":"has-post-thumbnail","6":"product_cat-telecommandes-garage-et-portail","8":"first","9":"instock","10":"sale","11":"taxable","12":"shipping-taxable","13":"purchasable","14":"product-type-simple"},"_links":{"self":[{"href":"https:\/\/monbip.fr\/de\/wp-json\/wp\/v2\/product\/11099","targetHints":{"allow":["GET"]}}],"collection":[{"href":"https:\/\/monbip.fr\/de\/wp-json\/wp\/v2\/product"}],"about":[{"href":"https:\/\/monbip.fr\/de\/wp-json\/wp\/v2\/types\/product"}],"wp:featuredmedia":[{"embeddable":true,"href":"https:\/\/monbip.fr\/de\/wp-json\/wp\/v2\/media\/11100"}],"wp:attachment":[{"href":"https:\/\/monbip.fr\/de\/wp-json\/wp\/v2\/media?parent=11099"}],"wp:term":[{"taxonomy":"product_brand","embeddable":true,"href":"https:\/\/monbip.fr\/de\/wp-json\/wp\/v2\/product_brand?post=11099"},{"taxonomy":"product_cat","embeddable":true,"href":"https:\/\/monbip.fr\/de\/wp-json\/wp\/v2\/product_cat?post=11099"},{"taxonomy":"product_tag","embeddable":true,"href":"https:\/\/monbip.fr\/de\/wp-json\/wp\/v2\/product_tag?post=11099"}],"curies":[{"name":"wp","href":"https:\/\/api.w.org\/{rel}","templated":true}]}}