{"id":5521,"date":"2022-01-18T19:05:49","date_gmt":"2022-01-18T19:05:49","guid":{"rendered":"https:\/\/monbip.fr\/?post_type=product&#038;p=5521"},"modified":"2022-01-18T19:05:58","modified_gmt":"2022-01-18T19:05:58","slug":"radar-de-detection-motorline-m1601","status":"publish","type":"product","link":"https:\/\/monbip.fr\/de\/produkt\/zubehoer-de\/radar-de-detection-motorline-m1601\/","title":{"rendered":"Radar de d\u00e9tection Motorline M1601"},"content":{"rendered":"","protected":false},"excerpt":{"rendered":"<p>Radar de d\u00e9tection de mouvement \u00e0 micro-ondes MOTORLINE M1601, Radar infra-rouges<\/p>\n","protected":false},"featured_media":5568,"template":"","meta":[],"product_brand":[],"product_cat":[205],"product_tag":[],"class_list":{"0":"post-5521","1":"product","2":"type-product","3":"status-publish","4":"has-post-thumbnail","6":"product_cat-accessoires","8":"first","9":"instock","10":"sale","11":"taxable","12":"shipping-taxable","13":"purchasable","14":"product-type-simple"},"_links":{"self":[{"href":"https:\/\/monbip.fr\/de\/wp-json\/wp\/v2\/product\/5521","targetHints":{"allow":["GET"]}}],"collection":[{"href":"https:\/\/monbip.fr\/de\/wp-json\/wp\/v2\/product"}],"about":[{"href":"https:\/\/monbip.fr\/de\/wp-json\/wp\/v2\/types\/product"}],"wp:featuredmedia":[{"embeddable":true,"href":"https:\/\/monbip.fr\/de\/wp-json\/wp\/v2\/media\/5568"}],"wp:attachment":[{"href":"https:\/\/monbip.fr\/de\/wp-json\/wp\/v2\/media?parent=5521"}],"wp:term":[{"taxonomy":"product_brand","embeddable":true,"href":"https:\/\/monbip.fr\/de\/wp-json\/wp\/v2\/product_brand?post=5521"},{"taxonomy":"product_cat","embeddable":true,"href":"https:\/\/monbip.fr\/de\/wp-json\/wp\/v2\/product_cat?post=5521"},{"taxonomy":"product_tag","embeddable":true,"href":"https:\/\/monbip.fr\/de\/wp-json\/wp\/v2\/product_tag?post=5521"}],"curies":[{"name":"wp","href":"https:\/\/api.w.org\/{rel}","templated":true}]}}