{"id":5523,"date":"2022-01-18T19:05:49","date_gmt":"2022-01-18T19:05:49","guid":{"rendered":"https:\/\/monbip.fr\/?post_type=product&#038;p=5523"},"modified":"2022-01-18T19:06:00","modified_gmt":"2022-01-18T19:06:00","slug":"radar-detection-motorline-rap200","status":"publish","type":"product","link":"https:\/\/monbip.fr\/de\/produkt\/zubehoer-de\/radar-detection-motorline-rap200\/","title":{"rendered":"Radar d\u00e9tection Motorline RAP200"},"content":{"rendered":"","protected":false},"excerpt":{"rendered":"<p>Radar pour fonctionnement jusqu\u2019\u00e0 6000 mm de<br \/>\nhaut.<\/p>\n<p>Radar \u00e0 d\u00e9tection de mouvement Motorline mod\u00e8le RAP200<\/p>\n","protected":false},"featured_media":5574,"template":"","meta":[],"product_brand":[],"product_cat":[205],"product_tag":[],"class_list":{"0":"post-5523","1":"product","2":"type-product","3":"status-publish","4":"has-post-thumbnail","6":"product_cat-accessoires","8":"first","9":"instock","10":"sale","11":"taxable","12":"shipping-taxable","13":"purchasable","14":"product-type-simple"},"_links":{"self":[{"href":"https:\/\/monbip.fr\/de\/wp-json\/wp\/v2\/product\/5523","targetHints":{"allow":["GET"]}}],"collection":[{"href":"https:\/\/monbip.fr\/de\/wp-json\/wp\/v2\/product"}],"about":[{"href":"https:\/\/monbip.fr\/de\/wp-json\/wp\/v2\/types\/product"}],"wp:featuredmedia":[{"embeddable":true,"href":"https:\/\/monbip.fr\/de\/wp-json\/wp\/v2\/media\/5574"}],"wp:attachment":[{"href":"https:\/\/monbip.fr\/de\/wp-json\/wp\/v2\/media?parent=5523"}],"wp:term":[{"taxonomy":"product_brand","embeddable":true,"href":"https:\/\/monbip.fr\/de\/wp-json\/wp\/v2\/product_brand?post=5523"},{"taxonomy":"product_cat","embeddable":true,"href":"https:\/\/monbip.fr\/de\/wp-json\/wp\/v2\/product_cat?post=5523"},{"taxonomy":"product_tag","embeddable":true,"href":"https:\/\/monbip.fr\/de\/wp-json\/wp\/v2\/product_tag?post=5523"}],"curies":[{"name":"wp","href":"https:\/\/api.w.org\/{rel}","templated":true}]}}