{"id":5534,"date":"2022-01-18T19:05:50","date_gmt":"2022-01-18T19:05:50","guid":{"rendered":"https:\/\/monbip.fr\/?post_type=product&#038;p=5534"},"modified":"2022-01-18T19:06:09","modified_gmt":"2022-01-18T19:06:09","slug":"carte-electronique-motorline-mc50se","status":"publish","type":"product","link":"https:\/\/monbip.fr\/de\/produkt\/schaltschraenke-de\/carte-electronique-motorline-mc50se\/","title":{"rendered":"Carte \u00e9lectronique Motorline MC50SE"},"content":{"rendered":"","protected":false},"excerpt":{"rendered":"<p>Central 230Vac pour KVM105 et KVM110 avec<br \/>\npossibilit\u00e9 de memoriser 99 codes Rolling Code<br \/>\nd\u2019ouverture compl\u00e8te.<br \/>\nAutres fonctions: Pour les moteurs jusqu\u2019\u00e0 1000W,<br \/>\n4 sorties d\u00b4information (ouvert\/d\u2019ouvrir\/fermer\/<br \/>\nferm\u00e9), contr\u00f4le d\u2019amp\u00e9rom\u00e9trie, possibilit\u00e9<br \/>\nde gestion de commandes, programmation<br \/>\nautomatique du parcours, gestion du temps de<br \/>\nralentissement, bouton poussoir de mont\u00e9 et<br \/>\ndescente, STOP, r\u00e9glage du temps de la lumi\u00e8re<br \/>\nde courtoisie de 1 \u00e0 99 minutes, fonction homme<br \/>\npr\u00e9sent.<\/p>\n","protected":false},"featured_media":5616,"template":"","meta":[],"product_brand":[],"product_cat":[200],"product_tag":[],"class_list":{"0":"post-5534","1":"product","2":"type-product","3":"status-publish","4":"has-post-thumbnail","6":"product_cat-armoires-de-commande","8":"first","9":"instock","10":"sale","11":"taxable","12":"shipping-taxable","13":"purchasable","14":"product-type-simple"},"_links":{"self":[{"href":"https:\/\/monbip.fr\/de\/wp-json\/wp\/v2\/product\/5534","targetHints":{"allow":["GET"]}}],"collection":[{"href":"https:\/\/monbip.fr\/de\/wp-json\/wp\/v2\/product"}],"about":[{"href":"https:\/\/monbip.fr\/de\/wp-json\/wp\/v2\/types\/product"}],"wp:featuredmedia":[{"embeddable":true,"href":"https:\/\/monbip.fr\/de\/wp-json\/wp\/v2\/media\/5616"}],"wp:attachment":[{"href":"https:\/\/monbip.fr\/de\/wp-json\/wp\/v2\/media?parent=5534"}],"wp:term":[{"taxonomy":"product_brand","embeddable":true,"href":"https:\/\/monbip.fr\/de\/wp-json\/wp\/v2\/product_brand?post=5534"},{"taxonomy":"product_cat","embeddable":true,"href":"https:\/\/monbip.fr\/de\/wp-json\/wp\/v2\/product_cat?post=5534"},{"taxonomy":"product_tag","embeddable":true,"href":"https:\/\/monbip.fr\/de\/wp-json\/wp\/v2\/product_tag?post=5534"}],"curies":[{"name":"wp","href":"https:\/\/api.w.org\/{rel}","templated":true}]}}