{"id":5626,"date":"2022-01-18T19:06:13","date_gmt":"2022-01-18T19:06:13","guid":{"rendered":"https:\/\/monbip.fr\/?post_type=product&#038;p=5626"},"modified":"2022-01-18T19:06:23","modified_gmt":"2022-01-18T19:06:23","slug":"carte-electronique-motorline-mc50sc","status":"publish","type":"product","link":"https:\/\/monbip.fr\/de\/produkt\/schaltschraenke-de\/carte-electronique-motorline-mc50sc\/","title":{"rendered":"Carte \u00e9lectronique Motorline MC50SC"},"content":{"rendered":"","protected":false},"excerpt":{"rendered":"<p>Central 110Vac ou 230Vac avec r\u00e9cepteur int\u00e9gr\u00e9,<br \/>\npossibilit\u00e9 de garder en m\u00e9moire99 codes Rolling<br \/>\nCode d\u2019ouverture total plus 99 codes d\u2019ouverture<br \/>\npi\u00e9ton.<br \/>\nAutres fonctions: Pour moteurs jusqu\u2019\u00e01000W, 4<br \/>\nsorties d\u2019information (ouvert\/d\u2019ouvrir\/fermer\/<br \/>\nferm\u00e9), contr\u00f4le \u00e0 amp\u00e9rom\u00e9trique, possibilit\u00e9<br \/>\nde gestion de t\u00e9l\u00e9commandes, programmation<br \/>\nautomatique du parcours, gestion du temps de<br \/>\nralentissement, r\u00e9glage du temps de la lumi\u00e8re<br \/>\nde courtoisie de 1 \u00e0 99 minutes, gestion de barres<br \/>\npalpeuses r\u00e9sistif 8K2.<\/p>\n","protected":false},"featured_media":5683,"template":"","meta":[],"product_brand":[],"product_cat":[200],"product_tag":[],"class_list":{"0":"post-5626","1":"product","2":"type-product","3":"status-publish","4":"has-post-thumbnail","6":"product_cat-armoires-de-commande","8":"first","9":"instock","10":"sale","11":"taxable","12":"shipping-taxable","13":"purchasable","14":"product-type-simple"},"_links":{"self":[{"href":"https:\/\/monbip.fr\/de\/wp-json\/wp\/v2\/product\/5626","targetHints":{"allow":["GET"]}}],"collection":[{"href":"https:\/\/monbip.fr\/de\/wp-json\/wp\/v2\/product"}],"about":[{"href":"https:\/\/monbip.fr\/de\/wp-json\/wp\/v2\/types\/product"}],"wp:featuredmedia":[{"embeddable":true,"href":"https:\/\/monbip.fr\/de\/wp-json\/wp\/v2\/media\/5683"}],"wp:attachment":[{"href":"https:\/\/monbip.fr\/de\/wp-json\/wp\/v2\/media?parent=5626"}],"wp:term":[{"taxonomy":"product_brand","embeddable":true,"href":"https:\/\/monbip.fr\/de\/wp-json\/wp\/v2\/product_brand?post=5626"},{"taxonomy":"product_cat","embeddable":true,"href":"https:\/\/monbip.fr\/de\/wp-json\/wp\/v2\/product_cat?post=5626"},{"taxonomy":"product_tag","embeddable":true,"href":"https:\/\/monbip.fr\/de\/wp-json\/wp\/v2\/product_tag?post=5626"}],"curies":[{"name":"wp","href":"https:\/\/api.w.org\/{rel}","templated":true}]}}