{"id":5627,"date":"2022-01-18T19:06:14","date_gmt":"2022-01-18T19:06:14","guid":{"rendered":"https:\/\/monbip.fr\/?post_type=product&#038;p=5627"},"modified":"2022-01-18T19:06:24","modified_gmt":"2022-01-18T19:06:24","slug":"carte-electronique-motorline-mc1","status":"publish","type":"product","link":"https:\/\/monbip.fr\/de\/produkt\/schaltschraenke-de\/carte-electronique-motorline-mc1\/","title":{"rendered":"Carte \u00e9lectronique Motorline MC1"},"content":{"rendered":"","protected":false},"excerpt":{"rendered":"<p>Central 110Vac ou 230Vac avec r\u00e9cepteur int\u00e9gr\u00e9,<br \/>\npossibilit\u00e9 de garder en m\u00e9moire 215 codes<br \/>\nRolling Code.<br \/>\nAutres fonctions: d\u00e9marrage et arr\u00eat doux,<br \/>\nlimiteur de binaire \u00e9lectronique, possibilit\u00e9 de<br \/>\ns\u00e9lectionner gyrophare ou lumi\u00e8re de courtoisie<br \/>\navec r\u00e9cepteur incorpor\u00e9.<\/p>\n","protected":false},"featured_media":5686,"template":"","meta":[],"product_brand":[],"product_cat":[200],"product_tag":[],"class_list":{"0":"post-5627","1":"product","2":"type-product","3":"status-publish","4":"has-post-thumbnail","6":"product_cat-armoires-de-commande","8":"first","9":"instock","10":"sale","11":"taxable","12":"shipping-taxable","13":"purchasable","14":"product-type-simple"},"_links":{"self":[{"href":"https:\/\/monbip.fr\/de\/wp-json\/wp\/v2\/product\/5627","targetHints":{"allow":["GET"]}}],"collection":[{"href":"https:\/\/monbip.fr\/de\/wp-json\/wp\/v2\/product"}],"about":[{"href":"https:\/\/monbip.fr\/de\/wp-json\/wp\/v2\/types\/product"}],"wp:featuredmedia":[{"embeddable":true,"href":"https:\/\/monbip.fr\/de\/wp-json\/wp\/v2\/media\/5686"}],"wp:attachment":[{"href":"https:\/\/monbip.fr\/de\/wp-json\/wp\/v2\/media?parent=5627"}],"wp:term":[{"taxonomy":"product_brand","embeddable":true,"href":"https:\/\/monbip.fr\/de\/wp-json\/wp\/v2\/product_brand?post=5627"},{"taxonomy":"product_cat","embeddable":true,"href":"https:\/\/monbip.fr\/de\/wp-json\/wp\/v2\/product_cat?post=5627"},{"taxonomy":"product_tag","embeddable":true,"href":"https:\/\/monbip.fr\/de\/wp-json\/wp\/v2\/product_tag?post=5627"}],"curies":[{"name":"wp","href":"https:\/\/api.w.org\/{rel}","templated":true}]}}