{"id":5629,"date":"2022-01-18T19:06:14","date_gmt":"2022-01-18T19:06:14","guid":{"rendered":"https:\/\/monbip.fr\/?post_type=product&#038;p=5629"},"modified":"2022-01-18T19:06:26","modified_gmt":"2022-01-18T19:06:26","slug":"kit-moteur-motorline-subwing700","status":"publish","type":"product","link":"https:\/\/monbip.fr\/de\/produkt\/tor-oder-garagenmotor-kit-de\/kit-moteur-motorline-subwing700\/","title":{"rendered":"Kit moteur Motorline SUBWING700"},"content":{"rendered":"","protected":false},"excerpt":{"rendered":"<p>COMPOSITION DU KIT<br \/>\n\u2022 2 moteurs 110Vac ou 230Vac, pour portails<br \/>\njusqu\u2019\u00e0 2,5m par vantail<br \/>\n\u2022 1 Centrale \u00e9lectronique MC2<br \/>\n\u2022 2 t\u00e9l\u00e9commandes FALK<br \/>\n\u2022 1 Jeu de cellules MF30<br \/>\n\u2022 2 Bo\u00eetes en fer galvanis\u00e9 pour les moteurs<br \/>\n\u2022 Accessoires pour l\u2019assemblage<\/p>\n<p>&nbsp;<\/p>\n<p>SUBWING permet une application sur des portes battantes avec vantaux jusqu&#8217;\u00e0 2,5 m.<br \/>\nIl est discret car enfoui sous la base de la lame, ce qui la rend pratiquement invisible mais extr\u00eamement efficace.<br \/>\nSur les portes plaqu\u00e9es ou dans les zones venteuses, un verrou doit \u00eatre appliqu\u00e9<\/p>\n","protected":false},"featured_media":5692,"template":"","meta":[],"product_brand":[],"product_cat":[208,207,202],"product_tag":[],"class_list":{"0":"post-5629","1":"product","2":"type-product","3":"status-publish","4":"has-post-thumbnail","6":"product_cat-kit-moteur-portail-ou-garage","7":"product_cat-motorisation-portail-battant","8":"product_cat-motorisations","10":"first","11":"instock","12":"sale","13":"taxable","14":"shipping-taxable","15":"purchasable","16":"product-type-simple"},"_links":{"self":[{"href":"https:\/\/monbip.fr\/de\/wp-json\/wp\/v2\/product\/5629","targetHints":{"allow":["GET"]}}],"collection":[{"href":"https:\/\/monbip.fr\/de\/wp-json\/wp\/v2\/product"}],"about":[{"href":"https:\/\/monbip.fr\/de\/wp-json\/wp\/v2\/types\/product"}],"wp:featuredmedia":[{"embeddable":true,"href":"https:\/\/monbip.fr\/de\/wp-json\/wp\/v2\/media\/5692"}],"wp:attachment":[{"href":"https:\/\/monbip.fr\/de\/wp-json\/wp\/v2\/media?parent=5629"}],"wp:term":[{"taxonomy":"product_brand","embeddable":true,"href":"https:\/\/monbip.fr\/de\/wp-json\/wp\/v2\/product_brand?post=5629"},{"taxonomy":"product_cat","embeddable":true,"href":"https:\/\/monbip.fr\/de\/wp-json\/wp\/v2\/product_cat?post=5629"},{"taxonomy":"product_tag","embeddable":true,"href":"https:\/\/monbip.fr\/de\/wp-json\/wp\/v2\/product_tag?post=5629"}],"curies":[{"name":"wp","href":"https:\/\/api.w.org\/{rel}","templated":true}]}}