{"id":5634,"date":"2022-01-18T19:06:14","date_gmt":"2022-01-18T19:06:14","guid":{"rendered":"https:\/\/monbip.fr\/?post_type=product&#038;p=5634"},"modified":"2022-01-18T19:06:30","modified_gmt":"2022-01-18T19:06:30","slug":"carte-electronique-motorline-mc2","status":"publish","type":"product","link":"https:\/\/monbip.fr\/de\/produkt\/schaltschraenke-de\/carte-electronique-motorline-mc2\/","title":{"rendered":"Carte \u00e9lectronique Motorline MC2"},"content":{"rendered":"<p>\u2022 Ralentissement \u00e0 l\u00b4ouverture \/ fermeture<br \/>\n\u2022 Contr\u00f4le de ralentissement vantail par vantail<br \/>\n\u2022 Ouverture pi\u00e9ton avec programmation de l\u2019angle pr\u00e9tendu<br \/>\n\u2022 Sortie pour serrure \u00e9lectrique<br \/>\n\u2022 Coup de force maximale au d\u00e9marrage<br \/>\n\u2022 Coup de force \u00e0 la fin de la fermeture<br \/>\n\u2022 Coup de force maximale \u00e0 l\u2019avant pour ouverture de la serrure \u00e9lectrique<br \/>\n\u2022 Sortie pour 2 jeux de cellules<br \/>\n\u2022 Programmation des fonctions par t\u00e9l\u00e9commande<br \/>\n\u2022 Fonction condominium : emp\u00eachement des t\u00e9l\u00e9commandes dans l\u2019ouverture et temps pause<br \/>\n\u2022 Entretien de la pression des moteurs hydrauliques \u00e0 chaque 2 heures<br \/>\n\u2022 Autodiagnostic de possibles pannes \u00e0 travers la signalisation de 4 LED\u2019s<br \/>\n\u2022 Possibilit\u00e9 d\u2019\u00eatre command\u00e9e par une horloge \u00e0 l\u2019ouverture \/ fermeture<br \/>\n\u2022 Programmation d\u2019un contact stop<br \/>\n\u2022 Programmation de t\u00e9l\u00e9commande \u00e0 distance<br \/>\n\u2022 M\u00e9moire avec capacit\u00e9 de 150 cod<\/p>\n","protected":false},"excerpt":{"rendered":"<p>Centrale \u00e9lectronique \u00e0 2 moteurs 110Vac ou 230Vac avec r\u00e9cepteur incorpor\u00e9.<\/p>\n","protected":false},"featured_media":5707,"template":"","meta":[],"product_brand":[],"product_cat":[200],"product_tag":[],"class_list":{"0":"post-5634","1":"product","2":"type-product","3":"status-publish","4":"has-post-thumbnail","6":"product_cat-armoires-de-commande","8":"first","9":"instock","10":"sale","11":"taxable","12":"shipping-taxable","13":"purchasable","14":"product-type-simple"},"_links":{"self":[{"href":"https:\/\/monbip.fr\/de\/wp-json\/wp\/v2\/product\/5634","targetHints":{"allow":["GET"]}}],"collection":[{"href":"https:\/\/monbip.fr\/de\/wp-json\/wp\/v2\/product"}],"about":[{"href":"https:\/\/monbip.fr\/de\/wp-json\/wp\/v2\/types\/product"}],"wp:featuredmedia":[{"embeddable":true,"href":"https:\/\/monbip.fr\/de\/wp-json\/wp\/v2\/media\/5707"}],"wp:attachment":[{"href":"https:\/\/monbip.fr\/de\/wp-json\/wp\/v2\/media?parent=5634"}],"wp:term":[{"taxonomy":"product_brand","embeddable":true,"href":"https:\/\/monbip.fr\/de\/wp-json\/wp\/v2\/product_brand?post=5634"},{"taxonomy":"product_cat","embeddable":true,"href":"https:\/\/monbip.fr\/de\/wp-json\/wp\/v2\/product_cat?post=5634"},{"taxonomy":"product_tag","embeddable":true,"href":"https:\/\/monbip.fr\/de\/wp-json\/wp\/v2\/product_tag?post=5634"}],"curies":[{"name":"wp","href":"https:\/\/api.w.org\/{rel}","templated":true}]}}