{"id":5642,"date":"2022-01-18T19:06:15","date_gmt":"2022-01-18T19:06:15","guid":{"rendered":"https:\/\/monbip.fr\/?post_type=product&#038;p=5642"},"modified":"2026-05-11T23:08:38","modified_gmt":"2026-05-11T21:08:38","slug":"carte-electronique-motorline-mc70","status":"publish","type":"product","link":"https:\/\/monbip.fr\/de\/produkt\/schaltschraenke-de\/carte-electronique-motorline-mc70\/","title":{"rendered":"Motorline MC70"},"content":{"rendered":"<p>\u2022 Alimentation 230Vac<br \/>\n\u2022 Possibilit\u00e9 de contr\u00f4le \u00e0 travers d\u2019un bouton poussoir<br \/>\n\u2022 Fonction centralisation \u00e0 travers des interrupteurs<br \/>\n\u2022 M\u00e9moire jusqu\u2019\u00e0 15 codes diff\u00e9rents Rolling Code<br \/>\n\u2022 Possibilit\u00e9 de programmer 3 canaux, mont\u00e9\/stop\/ descente ou \u00e0 peine 1 canal par \u00e9tape<br \/>\n\u2022 Programmation \u00e0 distance<br \/>\n\u2022 Changement du mouvement du moteur \u00e0 travers d\u2019une t\u00e9l\u00e9commande<br \/>\n\u2022 Centralisation de tous les moteurs avec un interrupteur commun \u00e0 toutes les centrales de<br \/>\nmont\u00e9 et descente total<\/p>\n","protected":false},"excerpt":{"rendered":"<p>\u2022 Centrale 230V pour moteurs TUB et Rolling jusqu&#8217;\u00e0<br \/>\n500W<\/p>\n","protected":false},"featured_media":5756,"template":"","meta":[],"product_brand":[],"product_cat":[200],"product_tag":[],"class_list":{"0":"post-5642","1":"product","2":"type-product","3":"status-publish","4":"has-post-thumbnail","6":"product_cat-armoires-de-commande","8":"first","9":"instock","10":"sale","11":"taxable","12":"shipping-taxable","13":"purchasable","14":"product-type-simple"},"_links":{"self":[{"href":"https:\/\/monbip.fr\/de\/wp-json\/wp\/v2\/product\/5642","targetHints":{"allow":["GET"]}}],"collection":[{"href":"https:\/\/monbip.fr\/de\/wp-json\/wp\/v2\/product"}],"about":[{"href":"https:\/\/monbip.fr\/de\/wp-json\/wp\/v2\/types\/product"}],"wp:featuredmedia":[{"embeddable":true,"href":"https:\/\/monbip.fr\/de\/wp-json\/wp\/v2\/media\/5756"}],"wp:attachment":[{"href":"https:\/\/monbip.fr\/de\/wp-json\/wp\/v2\/media?parent=5642"}],"wp:term":[{"taxonomy":"product_brand","embeddable":true,"href":"https:\/\/monbip.fr\/de\/wp-json\/wp\/v2\/product_brand?post=5642"},{"taxonomy":"product_cat","embeddable":true,"href":"https:\/\/monbip.fr\/de\/wp-json\/wp\/v2\/product_cat?post=5642"},{"taxonomy":"product_tag","embeddable":true,"href":"https:\/\/monbip.fr\/de\/wp-json\/wp\/v2\/product_tag?post=5642"}],"curies":[{"name":"wp","href":"https:\/\/api.w.org\/{rel}","templated":true}]}}