{"id":5644,"date":"2022-01-18T19:06:15","date_gmt":"2022-01-18T19:06:15","guid":{"rendered":"https:\/\/monbip.fr\/?post_type=product&#038;p=5644"},"modified":"2022-01-18T19:06:43","modified_gmt":"2022-01-18T19:06:43","slug":"photocellule-motorline-mf30","status":"publish","type":"product","link":"https:\/\/monbip.fr\/de\/produkt\/fotozellen\/photocellule-motorline-mf30\/","title":{"rendered":"Photocellule motorline MF30"},"content":{"rendered":"","protected":false},"excerpt":{"rendered":"<p>Jeu de cellules \u00e0 faisceaux infrarouges modul\u00e9s avec port\u00e9e nominale de<br \/>\n25m<\/p>\n","protected":false},"featured_media":5765,"template":"","meta":[],"product_brand":[],"product_cat":[210],"product_tag":[],"class_list":{"0":"post-5644","1":"product","2":"type-product","3":"status-publish","4":"has-post-thumbnail","6":"product_cat-photocellules","8":"first","9":"instock","10":"sale","11":"taxable","12":"shipping-taxable","13":"purchasable","14":"product-type-simple"},"_links":{"self":[{"href":"https:\/\/monbip.fr\/de\/wp-json\/wp\/v2\/product\/5644","targetHints":{"allow":["GET"]}}],"collection":[{"href":"https:\/\/monbip.fr\/de\/wp-json\/wp\/v2\/product"}],"about":[{"href":"https:\/\/monbip.fr\/de\/wp-json\/wp\/v2\/types\/product"}],"wp:featuredmedia":[{"embeddable":true,"href":"https:\/\/monbip.fr\/de\/wp-json\/wp\/v2\/media\/5765"}],"wp:attachment":[{"href":"https:\/\/monbip.fr\/de\/wp-json\/wp\/v2\/media?parent=5644"}],"wp:term":[{"taxonomy":"product_brand","embeddable":true,"href":"https:\/\/monbip.fr\/de\/wp-json\/wp\/v2\/product_brand?post=5644"},{"taxonomy":"product_cat","embeddable":true,"href":"https:\/\/monbip.fr\/de\/wp-json\/wp\/v2\/product_cat?post=5644"},{"taxonomy":"product_tag","embeddable":true,"href":"https:\/\/monbip.fr\/de\/wp-json\/wp\/v2\/product_tag?post=5644"}],"curies":[{"name":"wp","href":"https:\/\/api.w.org\/{rel}","templated":true}]}}