{"id":5729,"date":"2022-01-18T19:06:37","date_gmt":"2022-01-18T19:06:37","guid":{"rendered":"https:\/\/monbip.fr\/?post_type=product&#038;p=5729"},"modified":"2022-01-18T19:06:46","modified_gmt":"2022-01-18T19:06:46","slug":"commande-douverture-motorline-gsm-m175","status":"publish","type":"product","link":"https:\/\/monbip.fr\/de\/produkt\/zubehoer-de\/commande-douverture-motorline-gsm-m175\/","title":{"rendered":"Commande d&#8217;ouverture MOTORLINE GSM M175"},"content":{"rendered":"","protected":false},"excerpt":{"rendered":"<p>\u2022 Deux sorties de relais: via appel t\u00e9l\u00e9phonique et SMS ou via SMS<br \/>\n\u2022 Envoie un SMS avec le r\u00e9sultat de l&#8217;op\u00e9ration effectu\u00e9e<br \/>\n\u2022 Configuration utilisateur avec contr\u00f4le horaire et journalier<br \/>\n\u2022 Possibilit\u00e9 de placer des relais en mode Monostable et Bistable<br \/>\n*Antenne externe GSM incluse \/ format Microsim<\/p>\n","protected":false},"featured_media":5780,"template":"","meta":[],"product_brand":[],"product_cat":[205,200],"product_tag":[],"class_list":{"0":"post-5729","1":"product","2":"type-product","3":"status-publish","4":"has-post-thumbnail","6":"product_cat-accessoires","7":"product_cat-armoires-de-commande","9":"first","10":"instock","11":"sale","12":"taxable","13":"shipping-taxable","14":"purchasable","15":"product-type-simple"},"_links":{"self":[{"href":"https:\/\/monbip.fr\/de\/wp-json\/wp\/v2\/product\/5729","targetHints":{"allow":["GET"]}}],"collection":[{"href":"https:\/\/monbip.fr\/de\/wp-json\/wp\/v2\/product"}],"about":[{"href":"https:\/\/monbip.fr\/de\/wp-json\/wp\/v2\/types\/product"}],"wp:featuredmedia":[{"embeddable":true,"href":"https:\/\/monbip.fr\/de\/wp-json\/wp\/v2\/media\/5780"}],"wp:attachment":[{"href":"https:\/\/monbip.fr\/de\/wp-json\/wp\/v2\/media?parent=5729"}],"wp:term":[{"taxonomy":"product_brand","embeddable":true,"href":"https:\/\/monbip.fr\/de\/wp-json\/wp\/v2\/product_brand?post=5729"},{"taxonomy":"product_cat","embeddable":true,"href":"https:\/\/monbip.fr\/de\/wp-json\/wp\/v2\/product_cat?post=5729"},{"taxonomy":"product_tag","embeddable":true,"href":"https:\/\/monbip.fr\/de\/wp-json\/wp\/v2\/product_tag?post=5729"}],"curies":[{"name":"wp","href":"https:\/\/api.w.org\/{rel}","templated":true}]}}