{"id":5733,"date":"2022-01-18T19:06:37","date_gmt":"2022-01-18T19:06:37","guid":{"rendered":"https:\/\/monbip.fr\/?post_type=product&#038;p=5733"},"modified":"2022-01-18T19:06:50","modified_gmt":"2022-01-18T19:06:50","slug":"carte-electronique-bft-stirlf1","status":"publish","type":"product","link":"https:\/\/monbip.fr\/de\/produkt\/schaltschraenke-de\/carte-electronique-bft-stirlf1\/","title":{"rendered":"Carte \u00e9lectronique BFT STIRLF1"},"content":{"rendered":"<p>Marque: BFT<\/p>\n<p>Mod\u00e8le : STIRLF1\u00a0 I098708<\/p>\n<p>Utilisation: Domestique<\/p>\n<p>M\u00e9moire: 63<\/p>\n<p>Fr\u00e9quence: 433,92 MHz<\/p>\n<p>Type d&#8217;automatisme: Portes de garage sectionnelles<\/p>\n<p>R\u00e9cepteur int\u00e9gr\u00e9 pour activer 63 t\u00e9l\u00e9commandes<\/p>\n<p>Carte \u00e9lectronique STIRLF1\u00a0 pour moteur BFT TIR60 et TIR120.<\/p>\n","protected":false},"excerpt":{"rendered":"<p>Carte \u00e9lectronique de commande STIR LF \u00a0pour moteurs de portes de garage BFT TIR60 et TIR120.<\/p>\n","protected":false},"featured_media":5792,"template":"","meta":[],"product_brand":[],"product_cat":[200],"product_tag":[139],"class_list":{"0":"post-5733","1":"product","2":"type-product","3":"status-publish","4":"has-post-thumbnail","6":"product_cat-armoires-de-commande","7":"product_tag-bft","9":"first","10":"outofstock","11":"sale","12":"taxable","13":"shipping-taxable","14":"purchasable","15":"product-type-simple"},"_links":{"self":[{"href":"https:\/\/monbip.fr\/de\/wp-json\/wp\/v2\/product\/5733","targetHints":{"allow":["GET"]}}],"collection":[{"href":"https:\/\/monbip.fr\/de\/wp-json\/wp\/v2\/product"}],"about":[{"href":"https:\/\/monbip.fr\/de\/wp-json\/wp\/v2\/types\/product"}],"wp:featuredmedia":[{"embeddable":true,"href":"https:\/\/monbip.fr\/de\/wp-json\/wp\/v2\/media\/5792"}],"wp:attachment":[{"href":"https:\/\/monbip.fr\/de\/wp-json\/wp\/v2\/media?parent=5733"}],"wp:term":[{"taxonomy":"product_brand","embeddable":true,"href":"https:\/\/monbip.fr\/de\/wp-json\/wp\/v2\/product_brand?post=5733"},{"taxonomy":"product_cat","embeddable":true,"href":"https:\/\/monbip.fr\/de\/wp-json\/wp\/v2\/product_cat?post=5733"},{"taxonomy":"product_tag","embeddable":true,"href":"https:\/\/monbip.fr\/de\/wp-json\/wp\/v2\/product_tag?post=5733"}],"curies":[{"name":"wp","href":"https:\/\/api.w.org\/{rel}","templated":true}]}}