{"id":5739,"date":"2022-01-18T19:06:38","date_gmt":"2022-01-18T19:06:38","guid":{"rendered":"https:\/\/monbip.fr\/?post_type=product&#038;p=5739"},"modified":"2026-02-05T22:54:25","modified_gmt":"2026-02-05T20:54:25","slug":"kit-moteur-seav-ksl500","status":"publish","type":"product","link":"https:\/\/monbip.fr\/de\/produkt\/tor-oder-garagenmotor-kit-de\/kit-moteur-seav-ksl500\/","title":{"rendered":"Kit moteur SEAV KSL500"},"content":{"rendered":"<p>Kit moteur SEAV KSL500<\/p>\n<p>Op\u00e9rateur \u00e9lectrom\u00e9canique irr\u00e9versible \u00e0 230 V pour<br \/>\nportails coulissants jusqu\u2019\u00e0 500 kg. Accessoires m\u00e9caniques inclus.<\/p>\n<p>Corps en fusion d\u2019aluminium vernis. Couvercle en plastique.<\/p>\n","protected":false},"excerpt":{"rendered":"<p>Le Kit moteur SEAV KSL500 se compose d\u2019une unit\u00e9 int\u00e9gr\u00e9e de commande \u00e9lectronique central LRS 2102 NEW, deux transmetteurs mod\u00e8le BeHappy RS2 NEW et une paire<br \/>\nde cellules photo\u00e9lectriques mod\u00e8le IR\/IT 2135 NEW<\/p>\n","protected":false},"featured_media":5819,"template":"","meta":[],"product_brand":[],"product_cat":[208],"product_tag":[],"class_list":{"0":"post-5739","1":"product","2":"type-product","3":"status-publish","4":"has-post-thumbnail","6":"product_cat-kit-moteur-portail-ou-garage","8":"first","9":"instock","10":"sale","11":"featured","12":"taxable","13":"shipping-taxable","14":"purchasable","15":"product-type-simple"},"_links":{"self":[{"href":"https:\/\/monbip.fr\/de\/wp-json\/wp\/v2\/product\/5739","targetHints":{"allow":["GET"]}}],"collection":[{"href":"https:\/\/monbip.fr\/de\/wp-json\/wp\/v2\/product"}],"about":[{"href":"https:\/\/monbip.fr\/de\/wp-json\/wp\/v2\/types\/product"}],"wp:featuredmedia":[{"embeddable":true,"href":"https:\/\/monbip.fr\/de\/wp-json\/wp\/v2\/media\/5819"}],"wp:attachment":[{"href":"https:\/\/monbip.fr\/de\/wp-json\/wp\/v2\/media?parent=5739"}],"wp:term":[{"taxonomy":"product_brand","embeddable":true,"href":"https:\/\/monbip.fr\/de\/wp-json\/wp\/v2\/product_brand?post=5739"},{"taxonomy":"product_cat","embeddable":true,"href":"https:\/\/monbip.fr\/de\/wp-json\/wp\/v2\/product_cat?post=5739"},{"taxonomy":"product_tag","embeddable":true,"href":"https:\/\/monbip.fr\/de\/wp-json\/wp\/v2\/product_tag?post=5739"}],"curies":[{"name":"wp","href":"https:\/\/api.w.org\/{rel}","templated":true}]}}