{"id":5740,"date":"2022-01-18T19:06:38","date_gmt":"2022-01-18T19:06:38","guid":{"rendered":"https:\/\/monbip.fr\/?post_type=product&#038;p=5740"},"modified":"2022-01-18T19:06:58","modified_gmt":"2022-01-18T19:06:58","slug":"kit-moteur-battant-seav-ksw400","status":"publish","type":"product","link":"https:\/\/monbip.fr\/de\/produkt\/tor-oder-garagenmotor-kit-de\/kit-moteur-battant-seav-ksw400\/","title":{"rendered":"Kit moteur Battant SEAV KSW400"},"content":{"rendered":"","protected":false},"excerpt":{"rendered":"<p>SW400 230V actionneur \u00e9lectrom\u00e9canique irr\u00e9versible<br \/>\npour portails battants avec vantaux jusqu\u2019\u00e0 3 m\u00e8tres. Pour un usage r\u00e9sidentiel.<\/p>\n","protected":false},"featured_media":5834,"template":"","meta":[],"product_brand":[],"product_cat":[208,207,202],"product_tag":[],"class_list":{"0":"post-5740","1":"product","2":"type-product","3":"status-publish","4":"has-post-thumbnail","6":"product_cat-kit-moteur-portail-ou-garage","7":"product_cat-motorisation-portail-battant","8":"product_cat-motorisations","10":"first","11":"instock","12":"sale","13":"taxable","14":"shipping-taxable","15":"purchasable","16":"product-type-simple"},"_links":{"self":[{"href":"https:\/\/monbip.fr\/de\/wp-json\/wp\/v2\/product\/5740","targetHints":{"allow":["GET"]}}],"collection":[{"href":"https:\/\/monbip.fr\/de\/wp-json\/wp\/v2\/product"}],"about":[{"href":"https:\/\/monbip.fr\/de\/wp-json\/wp\/v2\/types\/product"}],"wp:featuredmedia":[{"embeddable":true,"href":"https:\/\/monbip.fr\/de\/wp-json\/wp\/v2\/media\/5834"}],"wp:attachment":[{"href":"https:\/\/monbip.fr\/de\/wp-json\/wp\/v2\/media?parent=5740"}],"wp:term":[{"taxonomy":"product_brand","embeddable":true,"href":"https:\/\/monbip.fr\/de\/wp-json\/wp\/v2\/product_brand?post=5740"},{"taxonomy":"product_cat","embeddable":true,"href":"https:\/\/monbip.fr\/de\/wp-json\/wp\/v2\/product_cat?post=5740"},{"taxonomy":"product_tag","embeddable":true,"href":"https:\/\/monbip.fr\/de\/wp-json\/wp\/v2\/product_tag?post=5740"}],"curies":[{"name":"wp","href":"https:\/\/api.w.org\/{rel}","templated":true}]}}