{"id":5869,"date":"2022-01-18T19:07:02","date_gmt":"2022-01-18T19:07:02","guid":{"rendered":"https:\/\/monbip.fr\/?post_type=product&#038;p=5869"},"modified":"2026-05-11T22:45:22","modified_gmt":"2026-05-11T20:45:22","slug":"anemometre-seav","status":"publish","type":"product","link":"https:\/\/monbip.fr\/de\/produkt\/zubehoer-de\/anemometre-seav\/","title":{"rendered":"An\u00e9mom\u00e8tre SEAV"},"content":{"rendered":"<p>An\u00e9mom\u00e8tre contact: 200 mA 100 Vdc<br \/>\nFermeture contact (impulsion): 1 fois par tour<br \/>\nLongueur c\u00e2ble de connexion: (AWG 12-26) 4 m Max.<\/p>\n","protected":false},"excerpt":{"rendered":"<p>Capteur de la vitesse du vent \u00e0 associer aux centrales \u00e9lectroniques SEAV qui ont cette sortie.<\/p>\n","protected":false},"featured_media":5988,"template":"","meta":[],"product_brand":[],"product_cat":[205],"product_tag":[],"class_list":{"0":"post-5869","1":"product","2":"type-product","3":"status-publish","4":"has-post-thumbnail","6":"product_cat-accessoires","8":"first","9":"instock","10":"sale","11":"taxable","12":"shipping-taxable","13":"purchasable","14":"product-type-simple"},"_links":{"self":[{"href":"https:\/\/monbip.fr\/de\/wp-json\/wp\/v2\/product\/5869","targetHints":{"allow":["GET"]}}],"collection":[{"href":"https:\/\/monbip.fr\/de\/wp-json\/wp\/v2\/product"}],"about":[{"href":"https:\/\/monbip.fr\/de\/wp-json\/wp\/v2\/types\/product"}],"wp:featuredmedia":[{"embeddable":true,"href":"https:\/\/monbip.fr\/de\/wp-json\/wp\/v2\/media\/5988"}],"wp:attachment":[{"href":"https:\/\/monbip.fr\/de\/wp-json\/wp\/v2\/media?parent=5869"}],"wp:term":[{"taxonomy":"product_brand","embeddable":true,"href":"https:\/\/monbip.fr\/de\/wp-json\/wp\/v2\/product_brand?post=5869"},{"taxonomy":"product_cat","embeddable":true,"href":"https:\/\/monbip.fr\/de\/wp-json\/wp\/v2\/product_cat?post=5869"},{"taxonomy":"product_tag","embeddable":true,"href":"https:\/\/monbip.fr\/de\/wp-json\/wp\/v2\/product_tag?post=5869"}],"curies":[{"name":"wp","href":"https:\/\/api.w.org\/{rel}","templated":true}]}}