{"id":5872,"date":"2022-01-18T19:07:02","date_gmt":"2022-01-18T19:07:02","guid":{"rendered":"https:\/\/monbip.fr\/?post_type=product&#038;p=5872"},"modified":"2026-05-11T22:00:35","modified_gmt":"2026-05-11T20:00:35","slug":"capteur-seav-wiweather","status":"publish","type":"product","link":"https:\/\/monbip.fr\/de\/produkt\/zubehoer-de\/capteur-seav-wiweather\/","title":{"rendered":"Capteur SEAV WiWeather"},"content":{"rendered":"","protected":false},"excerpt":{"rendered":"<p>Capteur sans fil vent, soleil et pluie \u00e0 associer aux centrales \u00e9lectroniques SEAV pour stores et volets roulants. Il y a la possibilit\u00e9 de r\u00e9gler le seuil d\u2019intervention du vent et la sensibilit\u00e9 du soleil. Il est aussi possible activer<br \/>\net d\u00e9sactiver individuellement le capteur soleil ou le capteur vent ou le capteur pluie.<\/p>\n","protected":false},"featured_media":5997,"template":"","meta":[],"product_brand":[],"product_cat":[205],"product_tag":[],"class_list":{"0":"post-5872","1":"product","2":"type-product","3":"status-publish","4":"has-post-thumbnail","6":"product_cat-accessoires","8":"first","9":"instock","10":"sale","11":"taxable","12":"shipping-taxable","13":"purchasable","14":"product-type-simple"},"_links":{"self":[{"href":"https:\/\/monbip.fr\/de\/wp-json\/wp\/v2\/product\/5872","targetHints":{"allow":["GET"]}}],"collection":[{"href":"https:\/\/monbip.fr\/de\/wp-json\/wp\/v2\/product"}],"about":[{"href":"https:\/\/monbip.fr\/de\/wp-json\/wp\/v2\/types\/product"}],"wp:featuredmedia":[{"embeddable":true,"href":"https:\/\/monbip.fr\/de\/wp-json\/wp\/v2\/media\/5997"}],"wp:attachment":[{"href":"https:\/\/monbip.fr\/de\/wp-json\/wp\/v2\/media?parent=5872"}],"wp:term":[{"taxonomy":"product_brand","embeddable":true,"href":"https:\/\/monbip.fr\/de\/wp-json\/wp\/v2\/product_brand?post=5872"},{"taxonomy":"product_cat","embeddable":true,"href":"https:\/\/monbip.fr\/de\/wp-json\/wp\/v2\/product_cat?post=5872"},{"taxonomy":"product_tag","embeddable":true,"href":"https:\/\/monbip.fr\/de\/wp-json\/wp\/v2\/product_tag?post=5872"}],"curies":[{"name":"wp","href":"https:\/\/api.w.org\/{rel}","templated":true}]}}