{"id":5983,"date":"2022-01-18T19:07:27","date_gmt":"2022-01-18T19:07:27","guid":{"rendered":"https:\/\/monbip.fr\/?post_type=product&#038;p=5983"},"modified":"2022-01-18T19:07:57","modified_gmt":"2022-01-18T19:07:57","slug":"kit-moteur-bft-tiziano-b-gda-260-s01","status":"publish","type":"product","link":"https:\/\/monbip.fr\/de\/produkt\/tor-oder-garagenmotor-kit-de\/kit-moteur-bft-tiziano-b-gda-260-s01\/","title":{"rendered":"Kit moteur BFT TIZIANO B GDA 260 S01"},"content":{"rendered":"<p>Avec ses 13 centim\u00e8tres d&#8217;\u00e9paisseur seulement, TIZIANO est l&#8217;un des op\u00e9rateurs les plus compacts du march\u00e9, ce qui lui permet une int\u00e9gration parfaite \u00e0 tout type de maison et d&#8217;architecture.<br \/>\nGr\u00e2ce au r\u00e9cepteur radio int\u00e9gr\u00e9 \u00e0 la centrale de commande, l\u2019op\u00e9rateur TIZIANO peut m\u00e9moriser le code d\u2019au moins 10\u00a0t\u00e9l\u00e9commandes s\u00e9rie MITTO ou KLEIO et\/ou des syst\u00e8mes de commande sans-fil comme RB, MIMEPAD ou T-BOX.<\/p>\n","protected":false},"excerpt":{"rendered":"<p>Op\u00e9rateur pour portes de garage sectionnelles avec force de traction 60 kg et usage Semi intensif. Surface de la porte 10 m\u00b2. Vitesse d&#8217;ouverture 6.6 m\/min avec rail \u00e0 cha\u00eene en 2 parties 2&#215;1510.Op\u00e9rateur pour portes de garage sectionnelles avec force de traction 60 kg et usage Semi intensif. Surface de la porte 10 m\u00b2. Vitesse d&#8217;ouverture 6.6 m\/min avec rail \u00e0 cha\u00eene en 2 parties 2&#215;1510.<\/p>\n<p>&nbsp;<\/p>\n","protected":false},"featured_media":6097,"template":"","meta":[],"product_brand":[],"product_cat":[208,203],"product_tag":[139],"class_list":{"0":"post-5983","1":"product","2":"type-product","3":"status-publish","4":"has-post-thumbnail","6":"product_cat-kit-moteur-portail-ou-garage","7":"product_cat-motorisation-porte-de-garage","8":"product_tag-bft","10":"first","11":"instock","12":"sale","13":"taxable","14":"shipping-taxable","15":"purchasable","16":"product-type-simple"},"_links":{"self":[{"href":"https:\/\/monbip.fr\/de\/wp-json\/wp\/v2\/product\/5983","targetHints":{"allow":["GET"]}}],"collection":[{"href":"https:\/\/monbip.fr\/de\/wp-json\/wp\/v2\/product"}],"about":[{"href":"https:\/\/monbip.fr\/de\/wp-json\/wp\/v2\/types\/product"}],"wp:featuredmedia":[{"embeddable":true,"href":"https:\/\/monbip.fr\/de\/wp-json\/wp\/v2\/media\/6097"}],"wp:attachment":[{"href":"https:\/\/monbip.fr\/de\/wp-json\/wp\/v2\/media?parent=5983"}],"wp:term":[{"taxonomy":"product_brand","embeddable":true,"href":"https:\/\/monbip.fr\/de\/wp-json\/wp\/v2\/product_brand?post=5983"},{"taxonomy":"product_cat","embeddable":true,"href":"https:\/\/monbip.fr\/de\/wp-json\/wp\/v2\/product_cat?post=5983"},{"taxonomy":"product_tag","embeddable":true,"href":"https:\/\/monbip.fr\/de\/wp-json\/wp\/v2\/product_tag?post=5983"}],"curies":[{"name":"wp","href":"https:\/\/api.w.org\/{rel}","templated":true}]}}