{"id":6060,"date":"2022-01-18T19:07:50","date_gmt":"2022-01-18T19:07:50","guid":{"rendered":"https:\/\/monbip.fr\/?post_type=product&#038;p=6060"},"modified":"2022-01-18T19:07:59","modified_gmt":"2022-01-18T19:07:59","slug":"moteur-garage-bft-phebe-bt-a-u","status":"publish","type":"product","link":"https:\/\/monbip.fr\/de\/produkt\/motorisierungen\/motorisierung-von-garagentoren-de\/moteur-garage-bft-phebe-bt-a-u\/","title":{"rendered":"Moteur Garage BFT PHEBE BT A U"},"content":{"rendered":"<p>Op\u00e9rateur \u00e9lectrom\u00e9canique \u00e0 usage r\u00e9sidentiel pour la motorisation de portes de garage basculantes.<br \/>\nLa centrale de commande incorpor\u00e9e permet la gestion du deuxi\u00e8me op\u00e9rateur pour des installations sur des portes de grandes dimensions ou avec porte pi\u00e9tonne ou portillon de service.<br \/>\nD&#8217;autre part, l&#8217;utilisation d&#8217;un microprocesseur permet aussi de g\u00e9rer le couple des moteurs en toute s\u00e9curit\u00e9 et avec une tr\u00e8s grande pr\u00e9cision.<\/p>\n","protected":false},"excerpt":{"rendered":"<p>Op\u00e9rateur avec coffret int\u00e9gr\u00e9 pour portes de garage basculantes d&#8217;une surface de 8 m\u00b2 maximum et usage Semi intensif avec ralentissement. Temps de manoeuvre 17-20 s, IP20.<br \/>\nFin de course Electrom\u00e9canique.<\/p>\n","protected":false},"featured_media":6106,"template":"","meta":[],"product_brand":[],"product_cat":[203,202],"product_tag":[139],"class_list":{"0":"post-6060","1":"product","2":"type-product","3":"status-publish","4":"has-post-thumbnail","6":"product_cat-motorisation-porte-de-garage","7":"product_cat-motorisations","8":"product_tag-bft","10":"first","11":"instock","12":"sale","13":"taxable","14":"shipping-taxable","15":"purchasable","16":"product-type-simple"},"_links":{"self":[{"href":"https:\/\/monbip.fr\/de\/wp-json\/wp\/v2\/product\/6060","targetHints":{"allow":["GET"]}}],"collection":[{"href":"https:\/\/monbip.fr\/de\/wp-json\/wp\/v2\/product"}],"about":[{"href":"https:\/\/monbip.fr\/de\/wp-json\/wp\/v2\/types\/product"}],"wp:featuredmedia":[{"embeddable":true,"href":"https:\/\/monbip.fr\/de\/wp-json\/wp\/v2\/media\/6106"}],"wp:attachment":[{"href":"https:\/\/monbip.fr\/de\/wp-json\/wp\/v2\/media?parent=6060"}],"wp:term":[{"taxonomy":"product_brand","embeddable":true,"href":"https:\/\/monbip.fr\/de\/wp-json\/wp\/v2\/product_brand?post=6060"},{"taxonomy":"product_cat","embeddable":true,"href":"https:\/\/monbip.fr\/de\/wp-json\/wp\/v2\/product_cat?post=6060"},{"taxonomy":"product_tag","embeddable":true,"href":"https:\/\/monbip.fr\/de\/wp-json\/wp\/v2\/product_tag?post=6060"}],"curies":[{"name":"wp","href":"https:\/\/api.w.org\/{rel}","templated":true}]}}