{"id":6063,"date":"2022-01-18T19:07:50","date_gmt":"2022-01-18T19:07:50","guid":{"rendered":"https:\/\/monbip.fr\/?post_type=product&#038;p=6063"},"modified":"2022-01-18T19:08:03","modified_gmt":"2022-01-18T19:08:03","slug":"operateur-hydraulique-reversible-bft-berma-sa-r","status":"publish","type":"product","link":"https:\/\/monbip.fr\/de\/produkt\/motorisierungen\/motorisierung-von-garagentoren-de\/operateur-hydraulique-reversible-bft-berma-sa-r\/","title":{"rendered":"Op\u00e9rateur hydraulique r\u00e9versible BFT BERMA SA R"},"content":{"rendered":"<p><img decoding=\"async\" src=\"https:\/\/www.bft-automation.com\/fileadmin\/_processed_\/f\/a\/csm_580fc187dde6d79a5f1dc93f7a267552_9ff4fae8a3.png\" alt=\"dessin technique BERMA\" \/><\/p>\n","protected":false},"excerpt":{"rendered":"<p>Op\u00e9rateur hydraulique r\u00e9versible pour portes de garage basculantes d&#8217;une surface max. 9 m\u00b2 et usage tr\u00e8s intensif.<\/p>\n<p>Le ralentissement hydraulique garantit un mouvement silencieux et fluide m\u00eame pour les vantaux de grandes dimensions. La vis de r\u00e9glage permet, en outre, d&#8217;adapter le ralentissement aux exigences de chaque situation.<\/p>\n<p>Les clapets ou soupapes by-pass permettent de r\u00e9gler avec pr\u00e9cision le couple en ouverture et en fermeture de mani\u00e8re s\u00e9par\u00e9e et ind\u00e9pendante.<\/p>\n","protected":false},"featured_media":6127,"template":"","meta":[],"product_brand":[],"product_cat":[203,202],"product_tag":[139],"class_list":{"0":"post-6063","1":"product","2":"type-product","3":"status-publish","4":"has-post-thumbnail","6":"product_cat-motorisation-porte-de-garage","7":"product_cat-motorisations","8":"product_tag-bft","10":"first","11":"instock","12":"sale","13":"taxable","14":"shipping-taxable","15":"purchasable","16":"product-type-simple"},"_links":{"self":[{"href":"https:\/\/monbip.fr\/de\/wp-json\/wp\/v2\/product\/6063","targetHints":{"allow":["GET"]}}],"collection":[{"href":"https:\/\/monbip.fr\/de\/wp-json\/wp\/v2\/product"}],"about":[{"href":"https:\/\/monbip.fr\/de\/wp-json\/wp\/v2\/types\/product"}],"wp:featuredmedia":[{"embeddable":true,"href":"https:\/\/monbip.fr\/de\/wp-json\/wp\/v2\/media\/6127"}],"wp:attachment":[{"href":"https:\/\/monbip.fr\/de\/wp-json\/wp\/v2\/media?parent=6063"}],"wp:term":[{"taxonomy":"product_brand","embeddable":true,"href":"https:\/\/monbip.fr\/de\/wp-json\/wp\/v2\/product_brand?post=6063"},{"taxonomy":"product_cat","embeddable":true,"href":"https:\/\/monbip.fr\/de\/wp-json\/wp\/v2\/product_cat?post=6063"},{"taxonomy":"product_tag","embeddable":true,"href":"https:\/\/monbip.fr\/de\/wp-json\/wp\/v2\/product_tag?post=6063"}],"curies":[{"name":"wp","href":"https:\/\/api.w.org\/{rel}","templated":true}]}}