{"id":6065,"date":"2022-01-18T19:07:50","date_gmt":"2022-01-18T19:07:50","guid":{"rendered":"https:\/\/monbip.fr\/?post_type=product&#038;p=6065"},"modified":"2022-01-18T19:08:05","modified_gmt":"2022-01-18T19:08:05","slug":"operateur-hydraulique-bft-igea-lb-bt-24v","status":"publish","type":"product","link":"https:\/\/monbip.fr\/de\/produkt\/motorisierungen\/motorisierung-von-garagentoren-de\/operateur-hydraulique-bft-igea-lb-bt-24v\/","title":{"rendered":"Op\u00e9rateur hydraulique BFT IGEA LB BT 24V"},"content":{"rendered":"<p><img decoding=\"async\" src=\"https:\/\/www.bft-automation.com\/fileadmin\/_processed_\/7\/d\/csm_dcc54b1e4165cc9cabdfe4b74d9c7b2e_77206c1542.png\" alt=\"dessin technique IGEA LB\" \/><\/p>\n<p>&nbsp;<\/p>\n","protected":false},"excerpt":{"rendered":"<p>Op\u00e9rateur \u00e9lectrom\u00e9canique pour portes pliantes industrielles (2 vantaux maximum) avec une largeur de vantail de 2 m. poids du tablier 250 kg et usage Semi intensif.<\/p>\n<p>Syst\u00e8me des fins de course \u00e9lectrom\u00e9caniques monofilaire incorpor\u00e9s et r\u00e9glables.<\/p>\n<p>Syst\u00e8me de d\u00e9verrouillage par c\u00e2ble en acier d\u00e9portable.<\/p>\n","protected":false},"featured_media":6133,"template":"","meta":[],"product_brand":[],"product_cat":[203,202],"product_tag":[],"class_list":{"0":"post-6065","1":"product","2":"type-product","3":"status-publish","4":"has-post-thumbnail","6":"product_cat-motorisation-porte-de-garage","7":"product_cat-motorisations","9":"first","10":"instock","11":"sale","12":"taxable","13":"shipping-taxable","14":"purchasable","15":"product-type-simple"},"_links":{"self":[{"href":"https:\/\/monbip.fr\/de\/wp-json\/wp\/v2\/product\/6065","targetHints":{"allow":["GET"]}}],"collection":[{"href":"https:\/\/monbip.fr\/de\/wp-json\/wp\/v2\/product"}],"about":[{"href":"https:\/\/monbip.fr\/de\/wp-json\/wp\/v2\/types\/product"}],"wp:featuredmedia":[{"embeddable":true,"href":"https:\/\/monbip.fr\/de\/wp-json\/wp\/v2\/media\/6133"}],"wp:attachment":[{"href":"https:\/\/monbip.fr\/de\/wp-json\/wp\/v2\/media?parent=6065"}],"wp:term":[{"taxonomy":"product_brand","embeddable":true,"href":"https:\/\/monbip.fr\/de\/wp-json\/wp\/v2\/product_brand?post=6065"},{"taxonomy":"product_cat","embeddable":true,"href":"https:\/\/monbip.fr\/de\/wp-json\/wp\/v2\/product_cat?post=6065"},{"taxonomy":"product_tag","embeddable":true,"href":"https:\/\/monbip.fr\/de\/wp-json\/wp\/v2\/product_tag?post=6065"}],"curies":[{"name":"wp","href":"https:\/\/api.w.org\/{rel}","templated":true}]}}