{"id":6066,"date":"2022-01-18T19:07:51","date_gmt":"2022-01-18T19:07:51","guid":{"rendered":"https:\/\/monbip.fr\/?post_type=product&#038;p=6066"},"modified":"2024-01-17T17:21:32","modified_gmt":"2024-01-17T15:21:32","slug":"moteur-coulissant-bft-deimos-ultra-bt-a400","status":"publish","type":"product","link":"https:\/\/monbip.fr\/de\/produkt\/motorisierungen\/motorisierung-von-garagentoren-de\/moteur-coulissant-bft-deimos-ultra-bt-a400\/","title":{"rendered":"Moteur coulissant BFT DEIMOS ULTRA BT A400"},"content":{"rendered":"<p><img decoding=\"async\" src=\"https:\/\/www.bft-automation.com\/fileadmin\/_processed_\/a\/2\/csm_793e2afe916fc53435648099395016cb_053495ab76.png\" alt=\"dessin technique DEIMOS ULTRA BT A\" \/><\/p>\n<p>Levier de d\u00e9verrouillage avec cl\u00e9 personnalis\u00e9e : le levier de d\u00e9verrouillage garantit la simplicit\u00e9 de d\u00e9blocage du moteur, et la cl\u00e9 personnalis\u00e9e assure une s\u00e9curit\u00e9 maximale<\/p>\n","protected":false},"excerpt":{"rendered":"<p>Op\u00e9rateur pour la motorisation de portails coulissants jusqu&#8217;\u00e0 400 kg.<br \/>\nVitesse maximale du vantail jusqu&#8217;\u00e0 16 m\/min.<br \/>\nFin de course magn\u00e9tique de nouvelle conception pour une installation plus rapide, pr\u00e9cise et parfaitement int\u00e9gr\u00e9e \u00e0 l&#8217;architecture du site.<br \/>\nUsage r\u00e9sidentiel.<br \/>\nCentrale de commande pr\u00e9vue pour recevoir le syst\u00e8me Blue-Entry<\/p>\n","protected":false},"featured_media":6136,"template":"","meta":[],"product_brand":[],"product_cat":[203,202],"product_tag":[],"class_list":{"0":"post-6066","1":"product","2":"type-product","3":"status-publish","4":"has-post-thumbnail","6":"product_cat-motorisation-porte-de-garage","7":"product_cat-motorisations","9":"first","10":"instock","11":"sale","12":"taxable","13":"shipping-taxable","14":"purchasable","15":"product-type-simple"},"_links":{"self":[{"href":"https:\/\/monbip.fr\/de\/wp-json\/wp\/v2\/product\/6066","targetHints":{"allow":["GET"]}}],"collection":[{"href":"https:\/\/monbip.fr\/de\/wp-json\/wp\/v2\/product"}],"about":[{"href":"https:\/\/monbip.fr\/de\/wp-json\/wp\/v2\/types\/product"}],"wp:featuredmedia":[{"embeddable":true,"href":"https:\/\/monbip.fr\/de\/wp-json\/wp\/v2\/media\/6136"}],"wp:attachment":[{"href":"https:\/\/monbip.fr\/de\/wp-json\/wp\/v2\/media?parent=6066"}],"wp:term":[{"taxonomy":"product_brand","embeddable":true,"href":"https:\/\/monbip.fr\/de\/wp-json\/wp\/v2\/product_brand?post=6066"},{"taxonomy":"product_cat","embeddable":true,"href":"https:\/\/monbip.fr\/de\/wp-json\/wp\/v2\/product_cat?post=6066"},{"taxonomy":"product_tag","embeddable":true,"href":"https:\/\/monbip.fr\/de\/wp-json\/wp\/v2\/product_tag?post=6066"}],"curies":[{"name":"wp","href":"https:\/\/api.w.org\/{rel}","templated":true}]}}